{"id":18,"date":"2006-01-01T23:28:31","date_gmt":"2006-01-01T22:28:31","guid":{"rendered":"http:\/\/eis:8088\/wordpress\/?page_id=18"},"modified":"2026-01-01T23:17:08","modified_gmt":"2026-01-01T22:17:08","slug":"information","status":"publish","type":"page","link":"https:\/\/www.orthopaedie-dr-yacoub.de\/","title":{"rendered":"Willkommen!"},"content":{"rendered":"\t\t<div data-elementor-type=\"wp-page\" data-elementor-id=\"18\" class=\"elementor elementor-18\">\n\t\t\t\t\t\t<section class=\"elementor-section elementor-top-section elementor-element elementor-element-8404cc2 elementor-section-boxed elementor-section-height-default elementor-section-height-default\" data-id=\"8404cc2\" data-element_type=\"section\" data-e-type=\"section\">\n\t\t\t\t\t\t<div class=\"elementor-container elementor-column-gap-default\">\n\t\t\t\t\t<div class=\"elementor-column elementor-col-100 elementor-top-column elementor-element elementor-element-f651be9\" data-id=\"f651be9\" data-element_type=\"column\" data-e-type=\"column\">\n\t\t\t<div class=\"elementor-widget-wrap elementor-element-populated\">\n\t\t\t\t\t\t<div class=\"elementor-element elementor-element-ec78c1b elementor-widget elementor-widget-text-editor\" data-id=\"ec78c1b\" data-element_type=\"widget\" data-e-type=\"widget\" data-widget_type=\"text-editor.default\">\n\t\t\t\t<div class=\"elementor-widget-container\">\n\t\t\t\t\t\t\t\t\t<p>Dr. med. Anke Yacoub<br \/><em>Fach\u00e4rztin f\u00fcr Orthop\u00e4die, Chirotherapie, Naturheilverfahren und Akupunktur<\/em><\/p>\t\t\t\t\t\t\t\t<\/div>\n\t\t\t\t<\/div>\n\t\t\t\t\t<\/div>\n\t\t<\/div>\n\t\t\t\t\t<\/div>\n\t\t<\/section>\n\t\t\t\t<section class=\"elementor-section elementor-top-section elementor-element elementor-element-d27dcae elementor-section-boxed elementor-section-height-default elementor-section-height-default\" data-id=\"d27dcae\" data-element_type=\"section\" data-e-type=\"section\" data-settings=\"{&quot;background_background&quot;:&quot;classic&quot;}\">\n\t\t\t\t\t\t<div class=\"elementor-container elementor-column-gap-default\">\n\t\t\t\t\t<div class=\"elementor-column elementor-col-100 elementor-top-column elementor-element elementor-element-27fbd1f\" data-id=\"27fbd1f\" data-element_type=\"column\" data-e-type=\"column\">\n\t\t\t<div class=\"elementor-widget-wrap elementor-element-populated\">\n\t\t\t\t\t\t<div class=\"elementor-element elementor-element-d4ecc2b elementor-widget elementor-widget-text-editor\" data-id=\"d4ecc2b\" data-element_type=\"widget\" data-e-type=\"widget\" data-widget_type=\"text-editor.default\">\n\t\t\t\t<div class=\"elementor-widget-container\">\n\t\t\t\t\t\t\t\t\t<p><b>Liebe Patientinnen und liebe Patienten,\u00a0<\/b><\/p>\n<p><b>Das Team der orthop\u00e4dischen Praxis bedankt sich herzlich f\u00fcr das in uns gesetzte Vertrauen unserer Patientinnen und Patienten und w\u00fcnscht allen ein gesundes, friedliches neues Jahr. Ich bedanke mich besonders bei denen, die f\u00fcr die Organisation \u00c4rzte Ohne Grenzen gespendet haben und somit die Hilfebed\u00fcrftigen auf dieser Welt, insbesondere in Gaza, unterst\u00fctzen.\u00a0<\/b><\/p>\n<p><b>Danke auf daf\u00fcr, dass Sie die Geduld aufbringen, dass ich mir Zeit f\u00fcr Ihre Probleme nehmen kann.\u00a0<\/b><\/p>\n<p><b>Ab 12. Januar sind wir wieder f\u00fcr Sie da.\u00a0<\/b><\/p>\n<p><b>Herzlichst Dr. Anke Yacoub und Bettina und Michaela.<\/b><\/p>\t\t\t\t\t\t\t\t<\/div>\n\t\t\t\t<\/div>\n\t\t\t\t\t<\/div>\n\t\t<\/div>\n\t\t\t\t\t<\/div>\n\t\t<\/section>\n\t\t\t\t<section class=\"elementor-section elementor-top-section elementor-element elementor-element-30f913e elementor-section-boxed elementor-section-height-default elementor-section-height-default\" data-id=\"30f913e\" data-element_type=\"section\" data-e-type=\"section\">\n\t\t\t\t\t\t<div class=\"elementor-container elementor-column-gap-default\">\n\t\t\t\t\t<div class=\"elementor-column elementor-col-100 elementor-top-column elementor-element elementor-element-7c9e389\" data-id=\"7c9e389\" data-element_type=\"column\" data-e-type=\"column\">\n\t\t\t<div class=\"elementor-widget-wrap elementor-element-populated\">\n\t\t\t\t\t\t<div class=\"elementor-element elementor-element-ee04900 elementor-widget elementor-widget-spacer\" data-id=\"ee04900\" data-element_type=\"widget\" data-e-type=\"widget\" data-widget_type=\"spacer.default\">\n\t\t\t\t<div class=\"elementor-widget-container\">\n\t\t\t\t\t\t\t<div class=\"elementor-spacer\">\n\t\t\t<div class=\"elementor-spacer-inner\"><\/div>\n\t\t<\/div>\n\t\t\t\t\t\t<\/div>\n\t\t\t\t<\/div>\n\t\t\t\t\t<\/div>\n\t\t<\/div>\n\t\t\t\t\t<\/div>\n\t\t<\/section>\n\t\t\t\t<section class=\"elementor-section elementor-top-section elementor-element elementor-element-651e1ea elementor-section-boxed elementor-section-height-default elementor-section-height-default\" data-id=\"651e1ea\" data-element_type=\"section\" data-e-type=\"section\">\n\t\t\t\t\t\t<div class=\"elementor-container elementor-column-gap-default\">\n\t\t\t\t\t<div class=\"elementor-column elementor-col-100 elementor-top-column elementor-element elementor-element-92989db\" data-id=\"92989db\" data-element_type=\"column\" data-e-type=\"column\">\n\t\t\t<div class=\"elementor-widget-wrap elementor-element-populated\">\n\t\t\t\t\t\t<div class=\"elementor-element elementor-element-be254f2 elementor-widget-divider--view-line elementor-widget elementor-widget-divider\" data-id=\"be254f2\" data-element_type=\"widget\" data-e-type=\"widget\" data-widget_type=\"divider.default\">\n\t\t\t\t<div class=\"elementor-widget-container\">\n\t\t\t\t\t\t\t<div class=\"elementor-divider\">\n\t\t\t<span class=\"elementor-divider-separator\">\n\t\t\t\t\t\t<\/span>\n\t\t<\/div>\n\t\t\t\t\t\t<\/div>\n\t\t\t\t<\/div>\n\t\t\t\t\t<\/div>\n\t\t<\/div>\n\t\t\t\t\t<\/div>\n\t\t<\/section>\n\t\t\t\t<section class=\"elementor-section elementor-top-section elementor-element elementor-element-f78a7d5 elementor-section-boxed elementor-section-height-default elementor-section-height-default\" data-id=\"f78a7d5\" data-element_type=\"section\" data-e-type=\"section\">\n\t\t\t\t\t\t<div class=\"elementor-container elementor-column-gap-default\">\n\t\t\t\t\t<div class=\"elementor-column elementor-col-50 elementor-top-column elementor-element elementor-element-ab77ac5\" data-id=\"ab77ac5\" data-element_type=\"column\" data-e-type=\"column\">\n\t\t\t<div class=\"elementor-widget-wrap elementor-element-populated\">\n\t\t\t\t\t\t<div class=\"elementor-element elementor-element-4896238 elementor-widget elementor-widget-text-editor\" data-id=\"4896238\" data-element_type=\"widget\" data-e-type=\"widget\" data-widget_type=\"text-editor.default\">\n\t\t\t\t<div class=\"elementor-widget-container\">\n\t\t\t\t\t\t\t\t\t<p>Im Zuge der Entwicklung zu einer papierlosen Praxis k\u00f6nnen Sie Ihre Anmeldedaten bereits bei der Terminvereinbarung \u00fcber den QR-Code in Ruhe zu Hause eingeben.<\/p>\n<p>Der Inhalt wird Datenschutzgerecht in Ihre Patientenakte \u00fcbernommen.&nbsp;<\/p>\t\t\t\t\t\t\t\t<\/div>\n\t\t\t\t<\/div>\n\t\t\t\t\t<\/div>\n\t\t<\/div>\n\t\t\t\t<div class=\"elementor-column elementor-col-50 elementor-top-column elementor-element elementor-element-21283a0\" data-id=\"21283a0\" data-element_type=\"column\" data-e-type=\"column\">\n\t\t\t<div class=\"elementor-widget-wrap elementor-element-populated\">\n\t\t\t\t\t\t<div class=\"elementor-element elementor-element-fa61261 elementor-widget elementor-widget-image\" data-id=\"fa61261\" data-element_type=\"widget\" data-e-type=\"widget\" data-widget_type=\"image.default\">\n\t\t\t\t<div class=\"elementor-widget-container\">\n\t\t\t\t\t\t\t\t\t\t\t\t\t\t\t<img fetchpriority=\"high\" decoding=\"async\" width=\"604\" height=\"604\" src=\"https:\/\/www.orthopaedie-dr-yacoub.de\/wp-content\/uploads\/2025\/11\/QR-Aufnahmebogen-1024x1024.png\" class=\"attachment-large size-large wp-image-1546\" alt=\"\" srcset=\"https:\/\/www.orthopaedie-dr-yacoub.de\/wp-content\/uploads\/2025\/11\/QR-Aufnahmebogen-1024x1024.png 1024w, https:\/\/www.orthopaedie-dr-yacoub.de\/wp-content\/uploads\/2025\/11\/QR-Aufnahmebogen-300x300.png 300w, https:\/\/www.orthopaedie-dr-yacoub.de\/wp-content\/uploads\/2025\/11\/QR-Aufnahmebogen-150x150.png 150w, https:\/\/www.orthopaedie-dr-yacoub.de\/wp-content\/uploads\/2025\/11\/QR-Aufnahmebogen-768x768.png 768w, https:\/\/www.orthopaedie-dr-yacoub.de\/wp-content\/uploads\/2025\/11\/QR-Aufnahmebogen.png 1148w\" sizes=\"(max-width: 604px) 100vw, 604px\" \/>\t\t\t\t\t\t\t\t\t\t\t\t\t\t\t<\/div>\n\t\t\t\t<\/div>\n\t\t\t\t\t<\/div>\n\t\t<\/div>\n\t\t\t\t\t<\/div>\n\t\t<\/section>\n\t\t\t\t<section class=\"elementor-section elementor-top-section elementor-element elementor-element-06221d1 elementor-section-boxed elementor-section-height-default elementor-section-height-default\" data-id=\"06221d1\" data-element_type=\"section\" data-e-type=\"section\">\n\t\t\t\t\t\t<div class=\"elementor-container elementor-column-gap-default\">\n\t\t\t\t\t<div class=\"elementor-column elementor-col-100 elementor-top-column elementor-element elementor-element-14feb03\" data-id=\"14feb03\" data-element_type=\"column\" data-e-type=\"column\">\n\t\t\t<div class=\"elementor-widget-wrap elementor-element-populated\">\n\t\t\t\t\t\t<div class=\"elementor-element elementor-element-0fc7501 elementor-widget-divider--view-line elementor-widget elementor-widget-divider\" data-id=\"0fc7501\" data-element_type=\"widget\" data-e-type=\"widget\" data-widget_type=\"divider.default\">\n\t\t\t\t<div class=\"elementor-widget-container\">\n\t\t\t\t\t\t\t<div class=\"elementor-divider\">\n\t\t\t<span class=\"elementor-divider-separator\">\n\t\t\t\t\t\t<\/span>\n\t\t<\/div>\n\t\t\t\t\t\t<\/div>\n\t\t\t\t<\/div>\n\t\t\t\t<div class=\"elementor-element elementor-element-3bbc522 elementor-widget elementor-widget-text-editor\" data-id=\"3bbc522\" data-element_type=\"widget\" data-e-type=\"widget\" data-widget_type=\"text-editor.default\">\n\t\t\t\t<div class=\"elementor-widget-container\">\n\t\t\t\t\t\t\t\t\t<p style=\"text-align: center;\">Das <b>gesamte Praxisteam ist immer bem\u00fcht<\/b>, Ihre W\u00fcnsche und Bed\u00fcrfnisse zu erf\u00fcllen und Sie somit in Ihrem Heilungsprozess zu unterst\u00fctzen.<\/p>\n<p style=\"text-align: center;\"><span style=\"color: var( --e-global-color-text ); font-family: var( --e-global-typography-text-font-family ), Sans-serif;\"><b>Wir bitten um Verst\u00e4ndnis<\/b>, dass wir mitunter nicht jeden Terminwunsch erf\u00fcllen k\u00f6nnen. Dar\u00fcber hinaus lassen sich manchmal Wartezeiten in der Praxis nicht vermeiden.<\/span><\/p>\t\t\t\t\t\t\t\t<\/div>\n\t\t\t\t<\/div>\n\t\t\t\t\t<\/div>\n\t\t<\/div>\n\t\t\t\t\t<\/div>\n\t\t<\/section>\n\t\t\t\t<section class=\"elementor-section elementor-top-section elementor-element elementor-element-2f19abb elementor-section-boxed elementor-section-height-default elementor-section-height-default\" data-id=\"2f19abb\" data-element_type=\"section\" data-e-type=\"section\">\n\t\t\t\t\t\t<div class=\"elementor-container elementor-column-gap-default\">\n\t\t\t\t\t<div class=\"elementor-column elementor-col-100 elementor-top-column elementor-element elementor-element-5040928\" data-id=\"5040928\" data-element_type=\"column\" data-e-type=\"column\">\n\t\t\t<div class=\"elementor-widget-wrap elementor-element-populated\">\n\t\t\t\t\t\t<div class=\"elementor-element elementor-element-cb0aa3b elementor-widget-divider--view-line elementor-widget elementor-widget-divider\" data-id=\"cb0aa3b\" data-element_type=\"widget\" data-e-type=\"widget\" data-widget_type=\"divider.default\">\n\t\t\t\t<div class=\"elementor-widget-container\">\n\t\t\t\t\t\t\t<div class=\"elementor-divider\">\n\t\t\t<span class=\"elementor-divider-separator\">\n\t\t\t\t\t\t<\/span>\n\t\t<\/div>\n\t\t\t\t\t\t<\/div>\n\t\t\t\t<\/div>\n\t\t\t\t<div class=\"elementor-element elementor-element-a46c75c elementor-widget__width-initial elementor-alert-info elementor-widget elementor-widget-alert\" data-id=\"a46c75c\" data-element_type=\"widget\" data-e-type=\"widget\" data-widget_type=\"alert.default\">\n\t\t\t\t<div class=\"elementor-widget-container\">\n\t\t\t\t\t\t\t<div class=\"elementor-alert\" role=\"alert\">\n\n\t\t\t\t\t\t<span class=\"elementor-alert-title\">Helfen Sie mit einer Spende f\u00fcr \u00c4rzte ohne Grenzen<\/span>\n\t\t\t\n\t\t\t\t\t\t<span class=\"elementor-alert-description\">Mit der Verletzung aller humanit\u00e4ren Grundregeln der Menschheit erleidet derzeit die<b> pal\u00e4stinensische Bev\u00f6lkerung im Gazastreifen unendliches Leid<\/b>. Auch die Krankenh\u00e4user  m\u00fcssen <b>ohne Strom, Wasser und jegliche Versorgung<\/b> mit Lebensmitteln und Medikamenten unter zutiefst eingeschr\u00e4nkten Bedingungen die vielen verletzten Kinder und Erwachsenen sowie schwer kranken Menschen versorgen. Als \u00c4rztin verurteile ich diese zutiefst inhumanen Umst\u00e4nden auf das sch\u00e4rfste. Ich bitte Sie: Helfen Sie den verbliebenen Menschen und<b> Spenden Sie f\u00fcr \u00c4rzte ohne Grenzen !<\/b><\/span>\n\t\t\t\n\t\t\t\t\t\t<button type=\"button\" class=\"elementor-alert-dismiss\" aria-label=\"Hinweis ausblenden.\">\n\t\t\t\t<i aria-hidden=\"true\" class=\"fas fa-info-circle\"><\/i>\t\t\t<\/button>\n\t\t\t\n\t\t<\/div>\n\t\t\t\t\t\t<\/div>\n\t\t\t\t<\/div>\n\t\t\t\t<div class=\"elementor-element elementor-element-a911eea elementor-widget elementor-widget-spacer\" data-id=\"a911eea\" data-element_type=\"widget\" data-e-type=\"widget\" data-widget_type=\"spacer.default\">\n\t\t\t\t<div class=\"elementor-widget-container\">\n\t\t\t\t\t\t\t<div class=\"elementor-spacer\">\n\t\t\t<div class=\"elementor-spacer-inner\"><\/div>\n\t\t<\/div>\n\t\t\t\t\t\t<\/div>\n\t\t\t\t<\/div>\n\t\t\t\t<div class=\"elementor-element elementor-element-0af7d19 elementor-align-center elementor-widget elementor-widget-button\" data-id=\"0af7d19\" data-element_type=\"widget\" data-e-type=\"widget\" data-widget_type=\"button.default\">\n\t\t\t\t<div class=\"elementor-widget-container\">\n\t\t\t\t\t\t\t\t\t<div class=\"elementor-button-wrapper\">\n\t\t\t\t\t<a class=\"elementor-button elementor-button-link elementor-size-sm\" href=\"https:\/\/www.aerzte-ohne-grenzen.de\/unsere-arbeit\/einsatzlaender\/palaestinensische-autonomiegebiete\" target=\"_blank\">\n\t\t\t\t\t\t<span class=\"elementor-button-content-wrapper\">\n\t\t\t\t\t\t<span class=\"elementor-button-icon\">\n\t\t\t\t<i aria-hidden=\"true\" class=\"fas fa-hand-holding-medical\"><\/i>\t\t\t<\/span>\n\t\t\t\t\t\t\t\t\t<span class=\"elementor-button-text\">Jetzt spenden<\/span>\n\t\t\t\t\t<\/span>\n\t\t\t\t\t<\/a>\n\t\t\t\t<\/div>\n\t\t\t\t\t\t\t\t<\/div>\n\t\t\t\t<\/div>\n\t\t\t\t<div class=\"elementor-element elementor-element-a25e2ff elementor-widget elementor-widget-spacer\" data-id=\"a25e2ff\" data-element_type=\"widget\" data-e-type=\"widget\" data-widget_type=\"spacer.default\">\n\t\t\t\t<div class=\"elementor-widget-container\">\n\t\t\t\t\t\t\t<div class=\"elementor-spacer\">\n\t\t\t<div class=\"elementor-spacer-inner\"><\/div>\n\t\t<\/div>\n\t\t\t\t\t\t<\/div>\n\t\t\t\t<\/div>\n\t\t\t\t\t<\/div>\n\t\t<\/div>\n\t\t\t\t\t<\/div>\n\t\t<\/section>\n\t\t\t\t<\/div>\n\t\t","protected":false},"excerpt":{"rendered":"<p>Dr. med. Anke YacoubFach\u00e4rztin f\u00fcr Orthop\u00e4die, Chirotherapie, Naturheilverfahren und Akupunktur Liebe Patientinnen und liebe Patienten,\u00a0 Das Team der orthop\u00e4dischen Praxis bedankt sich herzlich f\u00fcr das in uns gesetzte Vertrauen unserer Patientinnen und Patienten und w\u00fcnscht allen ein gesundes, friedliches neues Jahr. Ich bedanke mich besonders bei denen, die f\u00fcr die Organisation \u00c4rzte Ohne Grenzen gespendet &hellip; <a href=\"https:\/\/www.orthopaedie-dr-yacoub.de\/\" class=\"more-link\"><span class=\"screen-reader-text\">Willkommen!<\/span> weiterlesen <span class=\"meta-nav\">&rarr;<\/span><\/a><\/p>\n","protected":false},"author":10,"featured_media":0,"parent":0,"menu_order":2,"comment_status":"closed","ping_status":"closed","template":"","meta":{"ngg_post_thumbnail":0,"footnotes":""},"class_list":["post-18","page","type-page","status-publish","hentry"],"_links":{"self":[{"href":"https:\/\/www.orthopaedie-dr-yacoub.de\/index.php?rest_route=\/wp\/v2\/pages\/18","targetHints":{"allow":["GET"]}}],"collection":[{"href":"https:\/\/www.orthopaedie-dr-yacoub.de\/index.php?rest_route=\/wp\/v2\/pages"}],"about":[{"href":"https:\/\/www.orthopaedie-dr-yacoub.de\/index.php?rest_route=\/wp\/v2\/types\/page"}],"author":[{"embeddable":true,"href":"https:\/\/www.orthopaedie-dr-yacoub.de\/index.php?rest_route=\/wp\/v2\/users\/10"}],"replies":[{"embeddable":true,"href":"https:\/\/www.orthopaedie-dr-yacoub.de\/index.php?rest_route=%2Fwp%2Fv2%2Fcomments&post=18"}],"version-history":[{"count":192,"href":"https:\/\/www.orthopaedie-dr-yacoub.de\/index.php?rest_route=\/wp\/v2\/pages\/18\/revisions"}],"predecessor-version":[{"id":1570,"href":"https:\/\/www.orthopaedie-dr-yacoub.de\/index.php?rest_route=\/wp\/v2\/pages\/18\/revisions\/1570"}],"wp:attachment":[{"href":"https:\/\/www.orthopaedie-dr-yacoub.de\/index.php?rest_route=%2Fwp%2Fv2%2Fmedia&parent=18"}],"curies":[{"name":"wp","href":"https:\/\/api.w.org\/{rel}","templated":true}]}}