{"id":19,"date":"2006-01-01T23:28:42","date_gmt":"2006-01-01T22:28:42","guid":{"rendered":"http:\/\/eis:8088\/wordpress\/?page_id=19"},"modified":"2022-09-05T13:35:57","modified_gmt":"2022-09-05T12:35:57","slug":"therapien","status":"publish","type":"page","link":"https:\/\/www.orthopaedie-dr-yacoub.de\/?page_id=19","title":{"rendered":"Praxisspezifische Therapien"},"content":{"rendered":"\t\t<div data-elementor-type=\"wp-page\" data-elementor-id=\"19\" class=\"elementor elementor-19\">\n\t\t\t\t\t\t<section class=\"elementor-section elementor-top-section elementor-element elementor-element-333ec86 elementor-section-boxed elementor-section-height-default elementor-section-height-default\" data-id=\"333ec86\" data-element_type=\"section\" data-e-type=\"section\">\n\t\t\t\t\t\t<div class=\"elementor-container elementor-column-gap-default\">\n\t\t\t\t\t<div class=\"elementor-column elementor-col-100 elementor-top-column elementor-element elementor-element-bc539a1\" data-id=\"bc539a1\" data-element_type=\"column\" data-e-type=\"column\">\n\t\t\t<div class=\"elementor-widget-wrap elementor-element-populated\">\n\t\t\t\t\t\t<div class=\"elementor-element elementor-element-2bf28d1 elementor-widget elementor-widget-spacer\" data-id=\"2bf28d1\" data-element_type=\"widget\" data-e-type=\"widget\" data-widget_type=\"spacer.default\">\n\t\t\t\t<div class=\"elementor-widget-container\">\n\t\t\t\t\t\t\t<div class=\"elementor-spacer\">\n\t\t\t<div class=\"elementor-spacer-inner\"><\/div>\n\t\t<\/div>\n\t\t\t\t\t\t<\/div>\n\t\t\t\t<\/div>\n\t\t\t\t<div class=\"elementor-element elementor-element-2c1c703 animated-slow elementor-invisible elementor-widget elementor-widget-heading\" data-id=\"2c1c703\" data-element_type=\"widget\" data-e-type=\"widget\" data-settings=\"{&quot;_animation&quot;:&quot;zoomIn&quot;}\" data-widget_type=\"heading.default\">\n\t\t\t\t<div class=\"elementor-widget-container\">\n\t\t\t\t\t<h1 class=\"elementor-heading-title elementor-size-default\">Praxisspezifische Therapien<\/h1>\t\t\t\t<\/div>\n\t\t\t\t<\/div>\n\t\t\t\t<div class=\"elementor-element elementor-element-760ff8b elementor-widget elementor-widget-spacer\" data-id=\"760ff8b\" data-element_type=\"widget\" data-e-type=\"widget\" data-widget_type=\"spacer.default\">\n\t\t\t\t<div class=\"elementor-widget-container\">\n\t\t\t\t\t\t\t<div class=\"elementor-spacer\">\n\t\t\t<div class=\"elementor-spacer-inner\"><\/div>\n\t\t<\/div>\n\t\t\t\t\t\t<\/div>\n\t\t\t\t<\/div>\n\t\t\t\t\t<\/div>\n\t\t<\/div>\n\t\t\t\t\t<\/div>\n\t\t<\/section>\n\t\t\t\t<section class=\"elementor-section elementor-top-section elementor-element elementor-element-7e9fe69 elementor-section-boxed elementor-section-height-default elementor-section-height-default\" data-id=\"7e9fe69\" data-element_type=\"section\" data-e-type=\"section\">\n\t\t\t\t\t\t<div class=\"elementor-container elementor-column-gap-default\">\n\t\t\t\t\t<div class=\"elementor-column elementor-col-100 elementor-top-column elementor-element elementor-element-6456b4f\" data-id=\"6456b4f\" data-element_type=\"column\" data-e-type=\"column\">\n\t\t\t<div class=\"elementor-widget-wrap elementor-element-populated\">\n\t\t\t\t\t\t<div class=\"elementor-element elementor-element-4969574 elementor-widget elementor-widget-text-editor\" data-id=\"4969574\" data-element_type=\"widget\" data-e-type=\"widget\" data-widget_type=\"text-editor.default\">\n\t\t\t\t<div class=\"elementor-widget-container\">\n\t\t\t\t\t\t\t\t\t<p><span style=\"font-size: 14pt;\">Dank unserer gro\u00dfz\u00fcgigen Praxis und unserem freundlichen und leistungsorientierten Personals sind wir in der Lage, Ihnen ein umfangreiches Angebot\u00a0 therapeutischer Anwendungen zur Schmerzlinderung unserer Praxis anzubieten.<\/span><\/p>\t\t\t\t\t\t\t\t<\/div>\n\t\t\t\t<\/div>\n\t\t\t\t\t<\/div>\n\t\t<\/div>\n\t\t\t\t\t<\/div>\n\t\t<\/section>\n\t\t\t\t<section class=\"elementor-section elementor-top-section elementor-element elementor-element-f2672d6 elementor-section-boxed elementor-section-height-default elementor-section-height-default\" data-id=\"f2672d6\" data-element_type=\"section\" data-e-type=\"section\">\n\t\t\t\t\t\t<div class=\"elementor-container elementor-column-gap-default\">\n\t\t\t\t\t<div class=\"elementor-column elementor-col-100 elementor-top-column elementor-element elementor-element-f0359de\" data-id=\"f0359de\" data-element_type=\"column\" data-e-type=\"column\">\n\t\t\t<div class=\"elementor-widget-wrap elementor-element-populated\">\n\t\t\t\t\t\t<div class=\"elementor-element elementor-element-e743c64 elementor-tabs-view-horizontal elementor-widget elementor-widget-tabs\" data-id=\"e743c64\" data-element_type=\"widget\" data-e-type=\"widget\" data-widget_type=\"tabs.default\">\n\t\t\t\t<div class=\"elementor-widget-container\">\n\t\t\t\t\t\t\t<div class=\"elementor-tabs\">\n\t\t\t<div class=\"elementor-tabs-wrapper\" role=\"tablist\" >\n\t\t\t\t\t\t\t\t\t<div id=\"elementor-tab-title-2421\" class=\"elementor-tab-title elementor-tab-desktop-title\" aria-selected=\"true\" data-tab=\"1\" role=\"tab\" tabindex=\"0\" aria-controls=\"elementor-tab-content-2421\" aria-expanded=\"false\">Hydrojet-Massage<\/div>\n\t\t\t\t\t\t\t\t\t<div id=\"elementor-tab-title-2422\" class=\"elementor-tab-title elementor-tab-desktop-title\" aria-selected=\"false\" data-tab=\"2\" role=\"tab\" tabindex=\"-1\" aria-controls=\"elementor-tab-content-2422\" aria-expanded=\"false\">Sto\u00dfwellentherapie<\/div>\n\t\t\t\t\t\t\t\t\t<div id=\"elementor-tab-title-2423\" class=\"elementor-tab-title elementor-tab-desktop-title\" aria-selected=\"false\" data-tab=\"3\" role=\"tab\" tabindex=\"-1\" aria-controls=\"elementor-tab-content-2423\" aria-expanded=\"false\">Physiokey<\/div>\n\t\t\t\t\t\t\t\t\t<div id=\"elementor-tab-title-2424\" class=\"elementor-tab-title elementor-tab-desktop-title\" aria-selected=\"false\" data-tab=\"4\" role=\"tab\" tabindex=\"-1\" aria-controls=\"elementor-tab-content-2424\" aria-expanded=\"false\">Knorpelschutztherapie<\/div>\n\t\t\t\t\t\t\t\t\t<div id=\"elementor-tab-title-2425\" class=\"elementor-tab-title elementor-tab-desktop-title\" aria-selected=\"false\" data-tab=\"5\" role=\"tab\" tabindex=\"-1\" aria-controls=\"elementor-tab-content-2425\" aria-expanded=\"false\">Neuraltherapie<\/div>\n\t\t\t\t\t\t\t\t\t<div id=\"elementor-tab-title-2426\" class=\"elementor-tab-title elementor-tab-desktop-title\" aria-selected=\"false\" data-tab=\"6\" role=\"tab\" tabindex=\"-1\" aria-controls=\"elementor-tab-content-2426\" aria-expanded=\"false\">WADIT-Hochtontherapie<\/div>\n\t\t\t\t\t\t\t<\/div>\n\t\t\t<div class=\"elementor-tabs-content-wrapper\" role=\"tablist\" aria-orientation=\"vertical\">\n\t\t\t\t\t\t\t\t\t<div class=\"elementor-tab-title elementor-tab-mobile-title\" aria-selected=\"true\" data-tab=\"1\" role=\"tab\" tabindex=\"0\" aria-controls=\"elementor-tab-content-2421\" aria-expanded=\"false\">Hydrojet-Massage<\/div>\n\t\t\t\t\t<div id=\"elementor-tab-content-2421\" class=\"elementor-tab-content elementor-clearfix\" data-tab=\"1\" role=\"tabpanel\" aria-labelledby=\"elementor-tab-title-2421\" tabindex=\"0\" hidden=\"false\"><p>Diese moderne Form der Unterwassermassage, bei der der Wasserstrahl aus D\u00fcsen gegen eine Membran strahlt, erm\u00f6glicht eine sofortige wohltuende Massage ohne direkten Wasserkontakt.<\/p><p><a href=\"https:\/\/www.orthopaedie-dr-yacoub.de\/wp-content\/uploads\/2022\/08\/023.jpg\"><img fetchpriority=\"high\" decoding=\"async\" class=\"size-medium wp-image-1017 alignright\" src=\"https:\/\/www.orthopaedie-dr-yacoub.de\/wp-content\/uploads\/2022\/08\/023-300x225.jpg\" alt=\"\" width=\"300\" height=\"225\" srcset=\"https:\/\/www.orthopaedie-dr-yacoub.de\/wp-content\/uploads\/2022\/08\/023-300x225.jpg 300w, https:\/\/www.orthopaedie-dr-yacoub.de\/wp-content\/uploads\/2022\/08\/023.jpg 380w\" sizes=\"(max-width: 300px) 100vw, 300px\" \/><\/a>Der Wasserstrahl wandert vom Kopf abw\u00e4rts zu den Beinen sowie von einer zur anderen Seite. Somit werden alle Muskelstrukturen des Nackens und R\u00fcckens bis zum Ges\u00e4\u00df und ggf. auch zu den Beinen intensiv massiert.<\/p><p>Dabei k\u00f6nnen Sie die St\u00e4rke des k\u00f6rperwarmen Wasserstrahles ihrem Empfinden nach selber bestimmen.<\/p><p><strong>Indikationen:<\/strong><\/p><ul style=\"list-style-type: circle;\"><li>R\u00fcckenschmerzen der Hals, -Brust- oder Lendenwirbels\u00e4ule<\/li><\/ul><\/div>\n\t\t\t\t\t\t\t\t\t<div class=\"elementor-tab-title elementor-tab-mobile-title\" aria-selected=\"false\" data-tab=\"2\" role=\"tab\" tabindex=\"-1\" aria-controls=\"elementor-tab-content-2422\" aria-expanded=\"false\">Sto\u00dfwellentherapie<\/div>\n\t\t\t\t\t<div id=\"elementor-tab-content-2422\" class=\"elementor-tab-content elementor-clearfix\" data-tab=\"2\" role=\"tabpanel\" aria-labelledby=\"elementor-tab-title-2422\" tabindex=\"0\" hidden=\"hidden\"><p><a href=\"https:\/\/www.orthopaedie-dr-yacoub.de\/wp-content\/uploads\/2022\/09\/PICT0011.jpg\"><img decoding=\"async\" class=\"size-full wp-image-1290 alignright\" src=\"https:\/\/www.orthopaedie-dr-yacoub.de\/wp-content\/uploads\/2022\/09\/PICT0011.jpg\" alt=\"\" width=\"285\" height=\"298\" \/><\/a>Die radiale Sto\u00dfwellentherapie ist eine neue Form der Schmerztherapie.<\/p><p>Radiale Sto\u00dfwellen sind Schallwellen hoher Energie. Sie werden \u00fcber die Hautoberfl\u00e4che mittels einem speziellen Applikators auf die betreffende Stelle gegeben und breiten sich radial (kugelf\u00f6rmig) im Gewebe aus.<\/p><p>Der K\u00f6rper antwortet auf diesen Reiz mit einer erh\u00f6hten Stoffwechselaktivit\u00e4t.<\/p><p>Dadurch werden Heilungsprozesse angeregt bzw. beschleunigt.<\/p><p><strong>Durchf\u00fchrung:<\/strong><\/p><p>In der Regel erstreckt sich die Therapie \u00fcber 3 Behandlungen, die einmal pro Woche durchgef\u00fchrt werden und jeweils ca 5 Minuten dauern.<\/p><p><strong>Indikationen:<\/strong><\/p><ul style=\"list-style-type: circle;\"><li>Kalkschulter (schmerzhafte Bewegungseinschr\u00e4nkung der Schulter)<\/li><li>Tennisellenbogen (schmerzhafte Sehnenansatzreizung am Ellenbogen)<\/li><li>Fersensporn (schmerzhafte Entz\u00fcndung unter der Ferse)<\/li><li>Achillodynie ( schmerzhafte Entz\u00fcndung der Achillessehne)<\/li><li>Patellaspitzensyndrom (schmerzhafte Entz\u00fcndung der Kniescheibenspitze)<\/li><li>uvm.<\/li><\/ul><\/div>\n\t\t\t\t\t\t\t\t\t<div class=\"elementor-tab-title elementor-tab-mobile-title\" aria-selected=\"false\" data-tab=\"3\" role=\"tab\" tabindex=\"-1\" aria-controls=\"elementor-tab-content-2423\" aria-expanded=\"false\">Physiokey<\/div>\n\t\t\t\t\t<div id=\"elementor-tab-content-2423\" class=\"elementor-tab-content elementor-clearfix\" data-tab=\"3\" role=\"tabpanel\" aria-labelledby=\"elementor-tab-title-2423\" tabindex=\"0\" hidden=\"hidden\"><p>Der Physiokey wird vorallem zur Schmerztherapie und zur Verbesserung von Funktionsst\u00f6rungen eingesetzt. Durch elektrische Impulse werden die Selbstheilungskr\u00e4fte aktiviert, da er mit dem K\u00f6rper in einen direkten Dialog tritt. Art und Dauer der Therapie werden dabei vom K\u00f6rper selbst gesteuert. Der Physiokey bietet auch die M\u00f6glichkeit, Salben und andere Externa mittels eines Ionenflusses in die Haut zu transportieren.<\/p><p><strong><a href=\"https:\/\/www.orthopaedie-dr-yacoub.de\/wp-content\/uploads\/2018\/05\/35_036.jpg\"><img decoding=\"async\" class=\"size-medium wp-image-686 alignright\" src=\"https:\/\/www.orthopaedie-dr-yacoub.de\/wp-content\/uploads\/2018\/05\/35_036-300x200.jpg\" alt=\"\" width=\"300\" height=\"200\" srcset=\"https:\/\/www.orthopaedie-dr-yacoub.de\/wp-content\/uploads\/2018\/05\/35_036-300x200.jpg 300w, https:\/\/www.orthopaedie-dr-yacoub.de\/wp-content\/uploads\/2018\/05\/35_036-768x512.jpg 768w, https:\/\/www.orthopaedie-dr-yacoub.de\/wp-content\/uploads\/2018\/05\/35_036.jpg 1024w\" sizes=\"(max-width: 300px) 100vw, 300px\" \/><\/a><\/strong><\/p><p><strong>Kontraindikationen:<\/strong><\/p><ul style=\"list-style-type: circle;\"><li>elektronisch gesteuerte Implantate, lebensbedrohliche Erkrankungen<\/li><\/ul><p><strong>Indikationen:<\/strong><\/p><ul style=\"list-style-type: circle;\"><li>Neuralgien, Phantomschmerzen, Weichteilverletzungen, Schmerzen von Gelenken, B\u00e4ndern, Muskeln, Wirbels\u00e4ule uvm.<\/li><\/ul><p><strong><em>Es handelt sich nicht um eine Kassenleistung. Die Kosten je Sitzung betragen 20 \u20ac.<\/em><\/strong><\/p><\/div>\n\t\t\t\t\t\t\t\t\t<div class=\"elementor-tab-title elementor-tab-mobile-title\" aria-selected=\"false\" data-tab=\"4\" role=\"tab\" tabindex=\"-1\" aria-controls=\"elementor-tab-content-2424\" aria-expanded=\"false\">Knorpelschutztherapie<\/div>\n\t\t\t\t\t<div id=\"elementor-tab-content-2424\" class=\"elementor-tab-content elementor-clearfix\" data-tab=\"4\" role=\"tabpanel\" aria-labelledby=\"elementor-tab-title-2424\" tabindex=\"0\" hidden=\"hidden\"><p>Knorpelgewebe wird, genau wie das Knochengewebe st\u00e4ndig ab und aufgebaut. Dieser Prozess verl\u00e4uft jedoch deutlich langsamer, da die Versorgung von Knorpelgewebe mit Blutgef\u00e4\u00dfen nicht so gut ausgepr\u00e4gt ist. Wird dieses Gleichgewicht zu Lasten des Aufbaus gest\u00f6rt wird, so entsteht durch beschleunigte Abnutzung ein Gelenkverschlei\u00df (Arthrose).<\/p><p>Da der Knorpel in den Gelenken den Knochen sch\u00fctzend wie ein Polster \u00fcberzieht, sind im Falle der Verschm\u00e4lerung Knochenhautreizungen mit Entz\u00fcndungen die schmerzhafte Folge. Au\u00dferdem bilden sich Gelenkerg\u00fcsse.<\/p><p><strong>Arthrosen sind typische Verschlei\u00dferscheinungen<\/strong> und geh\u00f6ren zu den h\u00e4ufigsten Zivilisationskrankheiten. \u00dcbergewicht, Nikotinabusus, Bewegungsmangel, Fehlern\u00e4hrung, \u00dcberbelastung, Rheuma und Fehlhaltungen sind neben dem normalen Alterungsprozess die h\u00e4ufigsten Gr\u00fcnde.<\/p><p>Besonders bei den anatomisch atypisch gebauten Kniegelenken f\u00fchren biomechanische und biochemische Ursachen zu einer Besch\u00e4digung der hyalurons\u00e4urehaltigen Schutzschicht der Knorpeloberfl\u00e4che. Der Knorpel wird rau und bekommt Risse; deren Folge wiederum sind Entz\u00fcndungen, Schwellungen und Schmerzen. <strong>Die Gabe von h\u00f6hermolekularer Hyalurons\u00e4ure kann nachhaltig helfen, Schmerzen zu lindern, die Beweglichkeit des Gelenkes zu verbessern und somit eine Verbesserung der Lebensqualit\u00e4t zu bewirken. Besonders die \u201aSchmierf\u00e4higkeit\u2018 der Gelenkfl\u00fcssigkeit wird verbessert<\/strong>.<\/p><p><strong>Durchf\u00fchrung:<\/strong><\/p><p>Die Hyalurons\u00e4ure wird mittels Kan\u00fcle in das betreffende Gelenk gespritzt. Die Injektionen werden f\u00fcnfmal im Abstand von 1 Woche wiederholt.<\/p><p><strong>Kontraindikationen:<\/strong><\/p><ul style=\"list-style-type: circle;\"><li>Entz\u00fcndliche Hautver\u00e4nderungen im Injektionsgebiet<\/li><li>Akute allgemeine Infektionskrankheit<\/li><li>Bekannte Allergie gegen Hyalurons\u00e4ure<\/li><\/ul><p><strong>Indikationen:<\/strong><\/p><ul style=\"list-style-type: circle;\"><li>Abnutzung der Gelenke besonders: Knie,-Schulter,-Sprung,-H\u00fcftgelenke, Daumensattelgelenk, Gro\u00dfzehengrundgelenk<\/li><\/ul><\/div>\n\t\t\t\t\t\t\t\t\t<div class=\"elementor-tab-title elementor-tab-mobile-title\" aria-selected=\"false\" data-tab=\"5\" role=\"tab\" tabindex=\"-1\" aria-controls=\"elementor-tab-content-2425\" aria-expanded=\"false\">Neuraltherapie<\/div>\n\t\t\t\t\t<div id=\"elementor-tab-content-2425\" class=\"elementor-tab-content elementor-clearfix\" data-tab=\"5\" role=\"tabpanel\" aria-labelledby=\"elementor-tab-title-2425\" tabindex=\"0\" hidden=\"hidden\"><p>Diese Therapie wurde in den zwanziger Jahren von Dr. F.Hunecke entwickelt. Es ist eine Spritzentherapie zur Schmerzbehandlung, die sich deutlich von der einfachen Infiltrationstherapie mit Lokalan\u00e4sthetika (Bet\u00e4ubungsmittel) unterscheidet. Das verwendete Medikament ist das <strong>Procain<\/strong>.<\/p><p>Zun\u00e4chst erfolgt eine genaue Untersuchung und Befragung zu den geklagten Beschwerden, um m\u00f6gliche Zusammenh\u00e4nge zu einem &#8218;St\u00f6rfeld&#8216; aufzudecken. Bei einem St\u00f6rfeld handelt es sich um krankhafte Prozesse in einem Organ, Entz\u00fcndungen oder Verletzungen, die st\u00f6rende Impulse an ganz andere Stellen des Organismus senden. St\u00f6rfelder k\u00f6nnen z.B.Narben , Mandeln oder Z\u00e4hne sein, die dann z.B. chronische Kopfschmerzen verursachen k\u00f6nnen.<\/p><p><strong>Durchf\u00fchrung:<\/strong><\/p><ol><li>Schmerztherapie<ol style=\"list-style-type: lower-roman;\"><li>gezielte Injektionen mit Procain und ggf. hom\u00f6opathischen Zus\u00e4tzen an die Gelenke<\/li><li>gezielte Injektionen mit Procain und ggf. hom\u00f6opathischen Zus\u00e4tzen an die Wirbels\u00e4ule als Nervenwurzelinfiltration oder Facettengelenksinjektion oder Sacrale Injektion (je nach Beschwerdebild)<\/li><li>Schmerzinfusion mit Procain sowie je nach Beschwerdebild mit Zusatz von Natriumbicarbonat als Procainbaseninfusion<\/li><\/ol><\/li><li>St\u00f6rfeldtherapie<ol style=\"list-style-type: lower-roman;\"><li>Es werden Injektionen an verschiedenen Stellen durchgef\u00fchrt, die mitunter in keiner direkten anatomischen Beziehung zum Ursprungsort der Beschwerden liegen.<\/li><li>Parallel dazu werden in der Regel Stellen infiltriert, die in direkter r\u00e4umlicher N\u00e4he zum jeweiligen Organ oder Ort des Geschehens (St\u00f6rfeld) liegen. Man verwendet dazu 2-10 ml Procain 0,5%.<\/li><li>Anschlie\u00dfend kann ein leichtes W\u00e4rme- (bedingt durch Gef\u00e4\u00dfweitstellung) oder Taubheitsgef\u00fchl (bedingt durch an\u00e4sthetische Wirkung) auftreten.<\/li><\/ol><\/li><\/ol><p><strong>Nebenwirkungen:<\/strong><\/p><p>Ihre Fahrtauglichkeit ist mindestens 30 min. nach Injektion eingeschr\u00e4nkt. Sie sollten in dieser Zeit in unserer Praxis warten. Sehr selten sind allgemeine Kreislaufdysregulationen m\u00f6glich.<\/p><p><strong>Kontraindikationen:<\/strong><\/p><ul style=\"list-style-type: circle;\"><li>Behandlung mit Antikoagulantien (Falithrom, Marcumar)<\/li><li>Beschwerden, die vorher allgemein diagnostisch noch nicht weiter abgekl\u00e4rt wurden<\/li><\/ul><p><strong>Indikationen:<\/strong><\/p><ul style=\"list-style-type: circle;\"><li>Bandscheibenbeschwerden und R\u00fcckenschmerzen<\/li><li>Kopfschmerzen und Migr\u00e4ne<\/li><li>Arthritis und Arthrose sowie jeglicher Gelenkschmerz<\/li><li>Epicondylitis (Tennisellenbogen)<\/li><li>Rheuma<\/li><li>Akute und chronische Infektionen<\/li><li>Tinnitus<\/li><li>Muskelerkrankungen<\/li><li>Durchblutungsst\u00f6rungen<\/li><li>Ulzera<\/li><\/ul><\/div>\n\t\t\t\t\t\t\t\t\t<div class=\"elementor-tab-title elementor-tab-mobile-title\" aria-selected=\"false\" data-tab=\"6\" role=\"tab\" tabindex=\"-1\" aria-controls=\"elementor-tab-content-2426\" aria-expanded=\"false\">WADIT-Hochtontherapie<\/div>\n\t\t\t\t\t<div id=\"elementor-tab-content-2426\" class=\"elementor-tab-content elementor-clearfix\" data-tab=\"6\" role=\"tabpanel\" aria-labelledby=\"elementor-tab-title-2426\" tabindex=\"0\" hidden=\"hidden\"><p>Die lebenswichtigen elektrischen und chemischen k\u00f6rpereigenen Vorg\u00e4nge sind immer gekoppelt. Mit der WADIT-Hochtontherapie werden diese beiden S\u00e4ulen unterst\u00fctzt, so dass gleichzeitig bio-elektrische und bio-chemische Wirkungen hervorgerufen werden.<\/p><p>Ziel der Behandlung ist es, die k\u00f6rpereigenen Regelprozesse so zu unterst\u00fctzen und zu f\u00f6rdern, dass der K\u00f6rper in die gesunde Normalit\u00e4t zur\u00fcckfindet.<\/p><p><strong>Wirkung:<\/strong><\/p><ul style=\"list-style-type: circle;\"><li>Schmerzlinderung durch Verminderung von Schmerz- und Entz\u00fcndungsmediatoren<\/li><li>Nervenleitungsblockierung bei chronischen Schmerzen<\/li><li>eine stoffwechselerleichternde Diffusionsf\u00f6rderung zwischen den Zellen; das Gewebe wird besser mit den erforderlichen N\u00e4hrstoffen versorgt und besser von sogenannten Schlackstoffen befreit<\/li><li>moderate W\u00e4rmezufuhr, damit Weitstellung der Blutgef\u00e4\u00dfe und resultierende Durchblutungsverbesserung<\/li><li>verbesserte nat\u00fcrliche Regeneration (Erholungsf\u00e4higkeit der Zellen) durch Verbesserung des Zellstoffwechsels<\/li><\/ul><p><strong>Durchf\u00fchrung:<\/strong><\/p><p>In entspannter Atmosph\u00e4re, meist im Liegen, werden die WADIT-schwingungen aus dem Hochtonbereich \u00fcber 2 oder 4 Elektroden auf die zu behandelnde K\u00f6rperstelle \u00fcbertragen.<\/p><p>Die Therapie dauert 1 Stunde und sollte 2-3x \/Woche absolviert werden. F\u00fcr eine dauerhafte Verbesserung der Stoffwechselsituation der Zellen sollten insgesamt 10 Anwendungen erfolgen.<\/p><p><strong>Kontraindikationen:<\/strong><\/p><ul style=\"list-style-type: circle;\"><li>Herzschrittmacher<\/li><li>Akute Infektionen<\/li><li>Akute fieberhafte<\/li><li>Allgemeininfektion<\/li><\/ul><p><strong>Indikationen:<\/strong><\/p><ul style=\"list-style-type: circle;\"><li>Arthrose\/Arthritis, frozen shoulder, akute Gelenkschmerzen<\/li><li>Migr\u00e4ne<\/li><li>R\u00fcckenschmerzen<\/li><li>Osteoporose<\/li><li>Rheuma<\/li><li>Burn out Syndrom, chronische M\u00fcdigkeit, Ersch\u00f6pfung, Konzentrationsst\u00f6rungen<\/li><\/ul><\/div>\n\t\t\t\t\t\t\t<\/div>\n\t\t<\/div>\n\t\t\t\t\t\t<\/div>\n\t\t\t\t<\/div>\n\t\t\t\t\t<\/div>\n\t\t<\/div>\n\t\t\t\t\t<\/div>\n\t\t<\/section>\n\t\t\t\t<section class=\"elementor-section elementor-top-section elementor-element elementor-element-fe56033 elementor-section-boxed elementor-section-height-default elementor-section-height-default\" data-id=\"fe56033\" data-element_type=\"section\" data-e-type=\"section\">\n\t\t\t\t\t\t<div class=\"elementor-container elementor-column-gap-default\">\n\t\t\t\t\t<div class=\"elementor-column elementor-col-100 elementor-top-column elementor-element elementor-element-432dd46\" data-id=\"432dd46\" data-element_type=\"column\" data-e-type=\"column\">\n\t\t\t<div class=\"elementor-widget-wrap elementor-element-populated\">\n\t\t\t\t\t\t<div class=\"elementor-element elementor-element-9a2577d elementor-widget elementor-widget-spacer\" data-id=\"9a2577d\" data-element_type=\"widget\" data-e-type=\"widget\" data-widget_type=\"spacer.default\">\n\t\t\t\t<div class=\"elementor-widget-container\">\n\t\t\t\t\t\t\t<div class=\"elementor-spacer\">\n\t\t\t<div class=\"elementor-spacer-inner\"><\/div>\n\t\t<\/div>\n\t\t\t\t\t\t<\/div>\n\t\t\t\t<\/div>\n\t\t\t\t\t<\/div>\n\t\t<\/div>\n\t\t\t\t\t<\/div>\n\t\t<\/section>\n\t\t\t\t<\/div>\n\t\t","protected":false},"excerpt":{"rendered":"<p>Praxisspezifische Therapien Dank unserer gro\u00dfz\u00fcgigen Praxis und unserem freundlichen und leistungsorientierten Personals sind wir in der Lage, Ihnen ein umfangreiches Angebot\u00a0 therapeutischer Anwendungen zur Schmerzlinderung unserer Praxis anzubieten. Hydrojet-Massage Sto\u00dfwellentherapie Physiokey Knorpelschutztherapie Neuraltherapie WADIT-Hochtontherapie Hydrojet-Massage Diese moderne Form der Unterwassermassage, bei der der Wasserstrahl aus D\u00fcsen gegen eine Membran strahlt, erm\u00f6glicht eine sofortige wohltuende Massage &hellip; <a href=\"https:\/\/www.orthopaedie-dr-yacoub.de\/?page_id=19\" class=\"more-link\"><span class=\"screen-reader-text\">Praxisspezifische Therapien<\/span> weiterlesen <span class=\"meta-nav\">&rarr;<\/span><\/a><\/p>\n","protected":false},"author":10,"featured_media":0,"parent":17,"menu_order":3,"comment_status":"closed","ping_status":"closed","template":"elementor_header_footer","meta":{"ngg_post_thumbnail":0,"footnotes":""},"class_list":["post-19","page","type-page","status-publish","hentry"],"_links":{"self":[{"href":"https:\/\/www.orthopaedie-dr-yacoub.de\/index.php?rest_route=\/wp\/v2\/pages\/19","targetHints":{"allow":["GET"]}}],"collection":[{"href":"https:\/\/www.orthopaedie-dr-yacoub.de\/index.php?rest_route=\/wp\/v2\/pages"}],"about":[{"href":"https:\/\/www.orthopaedie-dr-yacoub.de\/index.php?rest_route=\/wp\/v2\/types\/page"}],"author":[{"embeddable":true,"href":"https:\/\/www.orthopaedie-dr-yacoub.de\/index.php?rest_route=\/wp\/v2\/users\/10"}],"replies":[{"embeddable":true,"href":"https:\/\/www.orthopaedie-dr-yacoub.de\/index.php?rest_route=%2Fwp%2Fv2%2Fcomments&post=19"}],"version-history":[{"count":10,"href":"https:\/\/www.orthopaedie-dr-yacoub.de\/index.php?rest_route=\/wp\/v2\/pages\/19\/revisions"}],"predecessor-version":[{"id":1293,"href":"https:\/\/www.orthopaedie-dr-yacoub.de\/index.php?rest_route=\/wp\/v2\/pages\/19\/revisions\/1293"}],"up":[{"embeddable":true,"href":"https:\/\/www.orthopaedie-dr-yacoub.de\/index.php?rest_route=\/wp\/v2\/pages\/17"}],"wp:attachment":[{"href":"https:\/\/www.orthopaedie-dr-yacoub.de\/index.php?rest_route=%2Fwp%2Fv2%2Fmedia&parent=19"}],"curies":[{"name":"wp","href":"https:\/\/api.w.org\/{rel}","templated":true}]}}