{"id":20,"date":"2006-01-01T23:28:56","date_gmt":"2006-01-01T22:28:56","guid":{"rendered":"http:\/\/eis:8088\/wordpress\/?page_id=20"},"modified":"2025-11-10T21:24:29","modified_gmt":"2025-11-10T20:24:29","slug":"kontakt","status":"publish","type":"page","link":"https:\/\/www.orthopaedie-dr-yacoub.de\/?page_id=20","title":{"rendered":"Kontakt \/ Impressum \/ Datenschutz"},"content":{"rendered":"\t\t<div data-elementor-type=\"wp-page\" data-elementor-id=\"20\" class=\"elementor elementor-20\">\n\t\t\t\t\t\t<section class=\"elementor-section elementor-top-section elementor-element elementor-element-31c62e1 elementor-section-boxed elementor-section-height-default elementor-section-height-default\" data-id=\"31c62e1\" data-element_type=\"section\" data-e-type=\"section\">\n\t\t\t\t\t\t<div class=\"elementor-container elementor-column-gap-default\">\n\t\t\t\t\t<div class=\"elementor-column elementor-col-100 elementor-top-column elementor-element elementor-element-990efb8\" data-id=\"990efb8\" data-element_type=\"column\" data-e-type=\"column\">\n\t\t\t<div class=\"elementor-widget-wrap elementor-element-populated\">\n\t\t\t\t\t\t<div class=\"elementor-element elementor-element-aa2ebee elementor-widget elementor-widget-spacer\" data-id=\"aa2ebee\" data-element_type=\"widget\" data-e-type=\"widget\" data-widget_type=\"spacer.default\">\n\t\t\t\t<div class=\"elementor-widget-container\">\n\t\t\t\t\t\t\t<div class=\"elementor-spacer\">\n\t\t\t<div class=\"elementor-spacer-inner\"><\/div>\n\t\t<\/div>\n\t\t\t\t\t\t<\/div>\n\t\t\t\t<\/div>\n\t\t\t\t<div class=\"elementor-element elementor-element-8a7efb8 animated-slow elementor-invisible elementor-widget elementor-widget-heading\" data-id=\"8a7efb8\" data-element_type=\"widget\" data-e-type=\"widget\" data-settings=\"{&quot;_animation&quot;:&quot;zoomIn&quot;}\" data-widget_type=\"heading.default\">\n\t\t\t\t<div class=\"elementor-widget-container\">\n\t\t\t\t\t<h1 class=\"elementor-heading-title elementor-size-default\">Kontakt \/ Impressum \/ Datenschutz<\/h1>\t\t\t\t<\/div>\n\t\t\t\t<\/div>\n\t\t\t\t<div class=\"elementor-element elementor-element-3f1fab0 elementor-widget elementor-widget-spacer\" data-id=\"3f1fab0\" data-element_type=\"widget\" data-e-type=\"widget\" data-widget_type=\"spacer.default\">\n\t\t\t\t<div class=\"elementor-widget-container\">\n\t\t\t\t\t\t\t<div class=\"elementor-spacer\">\n\t\t\t<div class=\"elementor-spacer-inner\"><\/div>\n\t\t<\/div>\n\t\t\t\t\t\t<\/div>\n\t\t\t\t<\/div>\n\t\t\t\t\t<\/div>\n\t\t<\/div>\n\t\t\t\t\t<\/div>\n\t\t<\/section>\n\t\t\t\t<section class=\"elementor-section elementor-top-section elementor-element elementor-element-74c8237 elementor-section-boxed elementor-section-height-default elementor-section-height-default\" data-id=\"74c8237\" data-element_type=\"section\" data-e-type=\"section\">\n\t\t\t\t\t\t<div class=\"elementor-container elementor-column-gap-default\">\n\t\t\t\t\t<div class=\"elementor-column elementor-col-100 elementor-top-column elementor-element elementor-element-c188f49\" data-id=\"c188f49\" data-element_type=\"column\" data-e-type=\"column\">\n\t\t\t<div class=\"elementor-widget-wrap elementor-element-populated\">\n\t\t\t\t\t\t<div class=\"elementor-element elementor-element-ef5c0ba elementor-widget elementor-widget-text-editor\" data-id=\"ef5c0ba\" data-element_type=\"widget\" data-e-type=\"widget\" data-widget_type=\"text-editor.default\">\n\t\t\t\t<div class=\"elementor-widget-container\">\n\t\t\t\t\t\t\t\t\t<p><b>Dr. Anke Yacoub<\/b><\/p><p><span style=\"color: var( --e-global-color-text ); font-family: var( --e-global-typography-text-font-family ), Sans-serif; font-weight: var( --e-global-typography-text-font-weight );\">Fach\u00e4rztin f\u00fcr Orthop\u00e4die,\u00a0<\/span><span style=\"color: var( --e-global-color-text ); font-family: var( --e-global-typography-text-font-family ), Sans-serif; font-weight: var( --e-global-typography-text-font-weight );\">Chirotherapie, Naturheilverfahren und Akupunktur<\/span><\/p><p>August-Bebel-Str. 11a<br \/>04425 Taucha<br \/>Tel:\u00a0\u00a0 034298 \/ 69909<br \/>Fax:\u00a0 034298 \/ 69908<br \/>email:\u00a0<a href=\"mailto:orthopaedie-a.yacoub@gmx.de\">orthopaedie-dr.yacoub@t-online.<\/a>de<\/p>\t\t\t\t\t\t\t\t<\/div>\n\t\t\t\t<\/div>\n\t\t\t\t<div class=\"elementor-element elementor-element-4283c06 elementor-widget elementor-widget-text-editor\" data-id=\"4283c06\" data-element_type=\"widget\" data-e-type=\"widget\" data-widget_type=\"text-editor.default\">\n\t\t\t\t<div class=\"elementor-widget-container\">\n\t\t\t\t\t\t\t\t\t<p>S\u00e4chsiches Heilberufekammergesetz und Berufsordnung der S\u00e4chsischen Landes\u00e4rztekammer<\/p><p>Angeh\u00f6rig in der\u00a0<span style=\"color: var( --e-global-color-text ); font-family: var( --e-global-typography-text-font-family ), Sans-serif;\"><b>S\u00e4chsischen Landes\u00e4rztekammer<\/b><\/span><span style=\"color: var( --e-global-color-text ); font-family: var( --e-global-typography-text-font-family ), Sans-serif; font-weight: var( --e-global-typography-text-font-weight );\"> mit ihren Rechtsgrundlagen\u00a0<\/span><span style=\"color: var( --e-global-color-text ); font-family: var( --e-global-typography-text-font-family ), Sans-serif; font-weight: var( --e-global-typography-text-font-weight );\">und\u00a0<\/span><span style=\"color: var( --e-global-color-text ); font-family: var( --e-global-typography-text-font-family ), Sans-serif;\"><b>KV Sachsen<\/b><\/span><\/p><table style=\"width: 550px;\"><tbody><tr><td style=\"width: 275px;\"><p><span style=\"font-weight: bold;\">Haftpflichtversicherer<\/span><\/p><\/td><td style=\"width: 275px;\"><p>Versicherungskammer Bayern<br \/>Maximilianstra\u00dfe 53<br \/>80530 M\u00fcnchen<\/p><\/td><\/tr><tr><td style=\"width: 275px;\"><p><span style=\"font-weight: bold;\">Geltungsbereich<\/span><\/p><\/td><td style=\"width: 275px;\"><ul style=\"list-style-type: circle;\"><li>Personensch\u00e4den<\/li><li>Sachsch\u00e4den<\/li><li>Verm\u00f6genssch\u00e4den<\/li><\/ul><\/td><\/tr><\/tbody><\/table>\t\t\t\t\t\t\t\t<\/div>\n\t\t\t\t<\/div>\n\t\t\t\t\t<\/div>\n\t\t<\/div>\n\t\t\t\t\t<\/div>\n\t\t<\/section>\n\t\t\t\t<\/div>\n\t\t","protected":false},"excerpt":{"rendered":"<p>Dr. Anke Yacoub Fach\u00e4rztin f\u00fcr Orthop\u00e4die,\u00a0Chirotherapie, Naturheilverfahren und Akupunktur August-Bebel-Str. 11a 04425 Taucha Tel:\u00a0\u00a0 034298 \/ 69909 Fax:\u00a0 034298 \/ 69908 email:\u00a0orthopaedie-dr.yacoub@t-online.de S\u00e4chsiches Heilberufekammergesetz und Berufsordnung der S\u00e4chsischen Landes\u00e4rztekammer Angeh\u00f6rig in der\u00a0S\u00e4chsischen Landes\u00e4rztekammer mit ihren Rechtsgrundlagen\u00a0und\u00a0KV Sachsen Haftpflichtversicherer Versicherungskammer Bayern Maximilianstra\u00dfe 53 80530 M\u00fcnchen Geltungsbereich Personensch\u00e4den Sachsch\u00e4den Verm\u00f6genssch\u00e4den<\/p>\n","protected":false},"author":10,"featured_media":0,"parent":0,"menu_order":7,"comment_status":"closed","ping_status":"closed","template":"elementor_header_footer","meta":{"ngg_post_thumbnail":0,"footnotes":""},"class_list":["post-20","page","type-page","status-publish","hentry"],"_links":{"self":[{"href":"https:\/\/www.orthopaedie-dr-yacoub.de\/index.php?rest_route=\/wp\/v2\/pages\/20","targetHints":{"allow":["GET"]}}],"collection":[{"href":"https:\/\/www.orthopaedie-dr-yacoub.de\/index.php?rest_route=\/wp\/v2\/pages"}],"about":[{"href":"https:\/\/www.orthopaedie-dr-yacoub.de\/index.php?rest_route=\/wp\/v2\/types\/page"}],"author":[{"embeddable":true,"href":"https:\/\/www.orthopaedie-dr-yacoub.de\/index.php?rest_route=\/wp\/v2\/users\/10"}],"replies":[{"embeddable":true,"href":"https:\/\/www.orthopaedie-dr-yacoub.de\/index.php?rest_route=%2Fwp%2Fv2%2Fcomments&post=20"}],"version-history":[{"count":63,"href":"https:\/\/www.orthopaedie-dr-yacoub.de\/index.php?rest_route=\/wp\/v2\/pages\/20\/revisions"}],"predecessor-version":[{"id":1557,"href":"https:\/\/www.orthopaedie-dr-yacoub.de\/index.php?rest_route=\/wp\/v2\/pages\/20\/revisions\/1557"}],"wp:attachment":[{"href":"https:\/\/www.orthopaedie-dr-yacoub.de\/index.php?rest_route=%2Fwp%2Fv2%2Fmedia&parent=20"}],"curies":[{"name":"wp","href":"https:\/\/api.w.org\/{rel}","templated":true}]}}