{"id":46,"date":"2006-04-12T02:48:38","date_gmt":"2006-04-12T00:48:38","guid":{"rendered":"http:\/\/eis:8088\/wordpress\/information\/1-tag-der-offenen-tuer\/"},"modified":"2009-06-18T02:28:24","modified_gmt":"2009-06-18T01:28:24","slug":"1-tag-der-offenen-tuer","status":"publish","type":"page","link":"https:\/\/www.orthopaedie-dr-yacoub.de\/?page_id=46","title":{"rendered":"<!--:de-->1. Tag d. offenen T\u00fcr<!--:-->"},"content":{"rendered":"<p><!--:de--><\/p>\n<p><span style=\"font-family: Arial;\">der Facharzt- und Naturheilpraxis A. Yacoub am 23.09.2005 w\u00e4hrend der Aktionswoche des Berufsverbandes der Orthop\u00e4den<\/span> <span style=\"font-family: arial,helvetica,sans-serif;\"><br \/>\n Am 23.09.2005 f\u00fchrten wir im Rahmen der Initiative des Berufsverbandes der Orthop\u00e4den unseren 1.Tag der offenen T\u00fcr durch. In Anlehnung an die Thematisierung des BVO konzentrierten wir uns auf die Themen: R\u00fcckenschmerz, Arthrose, Osteoporose sowie naturheilkundliche Therapien dieser Krankheitsbilder. Ca. 200 \u201eNeugierige\u201c nutzten den Vormittag, um sich zu informieren. Jeweils zur vollen Stunde wurden durch das Praxispersonal kurze Vortr\u00e4ge zum jeweiligen Thema gehalten. Obwohl f\u00fcr die  Anwesenden alles interessant war, verweilten die meisten Besucher beim Thema Arthrose. Auch die parallel laufenden Videos zum Thema Schmerz und Osteoporose wurden mit Interesse verfolgt. Au\u00dferdem konnte man an diesem Tag sein pers\u00f6nliches Sturz- und Osteoporoserisiko ermitteln lassen. Von besonderem Interesse wurden die naturheilkundlichen  Behandlungs-m\u00f6glichkeiten wie Schr\u00f6pfen, Blutegeltherapie, Eigenblutbehandlung und immunstimulierenden Therapien verfolgt.\u00a0 Umrahmt wurde alles durch  von den Schwestern liebevoll angefertigten Vollkornbroten mit pflanzlichen Brotaufstrichen, Kr\u00e4utertees, calciumreichen Milchshakes und  einem reichhaltigem Obstangebot. Insgesamt war unser 1.Tag der offenen T\u00fcr eine gelungene Premiere. Das gr\u00f6\u00dfte Dankesch\u00f6n geht an das gesamte Praxispersonal, dass mit viel Engagement die Vortr\u00e4ge vorbereitet, die Zimmer ausgeschm\u00fcckt und das Essen vorbereitet hat.<\/span> <span style=\"font-family: arial,helvetica,sans-serif;\"> <\/span> <span style=\"font-family: arial,helvetica,sans-serif;\"> <\/span><span style=\"font-family: arial,helvetica,sans-serif;\">Wir danken f\u00fcr Ihr Interesse und freuen uns mit Ihnen auf den n\u00e4chsten Tag der offenen T\u00fcr 2006.<\/span><\/p>\nngg_shortcode_0_placeholder\n<p><!--:--><\/p>\n","protected":false},"excerpt":{"rendered":"<p>der Facharzt- und Naturheilpraxis A. Yacoub am 23.09.2005 w\u00e4hrend der Aktionswoche des Berufsverbandes der Orthop\u00e4den Am 23.09.2005 f\u00fchrten wir im Rahmen der Initiative des Berufsverbandes der Orthop\u00e4den unseren 1.Tag der offenen T\u00fcr durch. In Anlehnung an die Thematisierung des BVO konzentrierten wir uns auf die Themen: R\u00fcckenschmerz, Arthrose, Osteoporose sowie naturheilkundliche Therapien dieser Krankheitsbilder. Ca. &hellip; <a href=\"https:\/\/www.orthopaedie-dr-yacoub.de\/?page_id=46\" class=\"more-link\"><span class=\"screen-reader-text\"><!--:de-->1. Tag d. offenen T\u00fcr<!--:--><\/span> weiterlesen <span class=\"meta-nav\">&rarr;<\/span><\/a><\/p>\n","protected":false},"author":10,"featured_media":0,"parent":53,"menu_order":5,"comment_status":"open","ping_status":"open","template":"","meta":{"ngg_post_thumbnail":0,"footnotes":""},"class_list":["post-46","page","type-page","status-publish","hentry"],"_links":{"self":[{"href":"https:\/\/www.orthopaedie-dr-yacoub.de\/index.php?rest_route=\/wp\/v2\/pages\/46","targetHints":{"allow":["GET"]}}],"collection":[{"href":"https:\/\/www.orthopaedie-dr-yacoub.de\/index.php?rest_route=\/wp\/v2\/pages"}],"about":[{"href":"https:\/\/www.orthopaedie-dr-yacoub.de\/index.php?rest_route=\/wp\/v2\/types\/page"}],"author":[{"embeddable":true,"href":"https:\/\/www.orthopaedie-dr-yacoub.de\/index.php?rest_route=\/wp\/v2\/users\/10"}],"replies":[{"embeddable":true,"href":"https:\/\/www.orthopaedie-dr-yacoub.de\/index.php?rest_route=%2Fwp%2Fv2%2Fcomments&post=46"}],"version-history":[{"count":1,"href":"https:\/\/www.orthopaedie-dr-yacoub.de\/index.php?rest_route=\/wp\/v2\/pages\/46\/revisions"}],"predecessor-version":[{"id":258,"href":"https:\/\/www.orthopaedie-dr-yacoub.de\/index.php?rest_route=\/wp\/v2\/pages\/46\/revisions\/258"}],"up":[{"embeddable":true,"href":"https:\/\/www.orthopaedie-dr-yacoub.de\/index.php?rest_route=\/wp\/v2\/pages\/53"}],"wp:attachment":[{"href":"https:\/\/www.orthopaedie-dr-yacoub.de\/index.php?rest_route=%2Fwp%2Fv2%2Fmedia&parent=46"}],"curies":[{"name":"wp","href":"https:\/\/api.w.org\/{rel}","templated":true}]}}