{"id":59,"date":"2006-06-23T00:58:54","date_gmt":"2006-06-22T22:58:54","guid":{"rendered":"https:\/\/www.orthopaedie-dr-yacoub.de\/information\/das-team\/"},"modified":"2025-11-10T20:46:26","modified_gmt":"2025-11-10T19:46:26","slug":"das-team","status":"publish","type":"page","link":"https:\/\/www.orthopaedie-dr-yacoub.de\/?page_id=59","title":{"rendered":"Das Team"},"content":{"rendered":"\t\t<div data-elementor-type=\"wp-page\" data-elementor-id=\"59\" class=\"elementor elementor-59\">\n\t\t\t\t\t\t<section class=\"elementor-section elementor-top-section elementor-element elementor-element-403145e elementor-section-boxed elementor-section-height-default elementor-section-height-default\" data-id=\"403145e\" data-element_type=\"section\" data-e-type=\"section\">\n\t\t\t\t\t\t<div class=\"elementor-container elementor-column-gap-default\">\n\t\t\t\t\t<div class=\"elementor-column elementor-col-100 elementor-top-column elementor-element elementor-element-2964307\" data-id=\"2964307\" data-element_type=\"column\" data-e-type=\"column\">\n\t\t\t<div class=\"elementor-widget-wrap elementor-element-populated\">\n\t\t\t\t\t\t<div class=\"elementor-element elementor-element-8ce8850 elementor-widget elementor-widget-spacer\" data-id=\"8ce8850\" data-element_type=\"widget\" data-e-type=\"widget\" data-widget_type=\"spacer.default\">\n\t\t\t\t<div class=\"elementor-widget-container\">\n\t\t\t\t\t\t\t<div class=\"elementor-spacer\">\n\t\t\t<div class=\"elementor-spacer-inner\"><\/div>\n\t\t<\/div>\n\t\t\t\t\t\t<\/div>\n\t\t\t\t<\/div>\n\t\t\t\t<div class=\"elementor-element elementor-element-60e94e3 animated-slow elementor-invisible elementor-widget elementor-widget-heading\" data-id=\"60e94e3\" data-element_type=\"widget\" data-e-type=\"widget\" data-settings=\"{&quot;_animation&quot;:&quot;slideInLeft&quot;}\" data-widget_type=\"heading.default\">\n\t\t\t\t<div class=\"elementor-widget-container\">\n\t\t\t\t\t<h1 class=\"elementor-heading-title elementor-size-default\">Das Team<\/h1>\t\t\t\t<\/div>\n\t\t\t\t<\/div>\n\t\t\t\t<div class=\"elementor-element elementor-element-d7f0f62 animated-slow elementor-invisible elementor-widget elementor-widget-image\" data-id=\"d7f0f62\" data-element_type=\"widget\" data-e-type=\"widget\" data-settings=\"{&quot;_animation&quot;:&quot;slideInRight&quot;}\" data-widget_type=\"image.default\">\n\t\t\t\t<div class=\"elementor-widget-container\">\n\t\t\t\t\t\t\t\t\t\t\t\t\t\t\t<img fetchpriority=\"high\" decoding=\"async\" width=\"604\" height=\"805\" src=\"https:\/\/www.orthopaedie-dr-yacoub.de\/wp-content\/uploads\/2022\/08\/WhatsApp-Image-2022-08-26-at-13.33.25-768x1024.jpeg\" class=\"attachment-large size-large wp-image-1030\" alt=\"\" srcset=\"https:\/\/www.orthopaedie-dr-yacoub.de\/wp-content\/uploads\/2022\/08\/WhatsApp-Image-2022-08-26-at-13.33.25-768x1024.jpeg 768w, https:\/\/www.orthopaedie-dr-yacoub.de\/wp-content\/uploads\/2022\/08\/WhatsApp-Image-2022-08-26-at-13.33.25-225x300.jpeg 225w, https:\/\/www.orthopaedie-dr-yacoub.de\/wp-content\/uploads\/2022\/08\/WhatsApp-Image-2022-08-26-at-13.33.25-1152x1536.jpeg 1152w, https:\/\/www.orthopaedie-dr-yacoub.de\/wp-content\/uploads\/2022\/08\/WhatsApp-Image-2022-08-26-at-13.33.25.jpeg 1368w\" sizes=\"(max-width: 604px) 100vw, 604px\" \/>\t\t\t\t\t\t\t\t\t\t\t\t\t\t\t<\/div>\n\t\t\t\t<\/div>\n\t\t\t\t<div class=\"elementor-element elementor-element-13d04ae elementor-widget elementor-widget-spacer\" data-id=\"13d04ae\" data-element_type=\"widget\" data-e-type=\"widget\" data-widget_type=\"spacer.default\">\n\t\t\t\t<div class=\"elementor-widget-container\">\n\t\t\t\t\t\t\t<div class=\"elementor-spacer\">\n\t\t\t<div class=\"elementor-spacer-inner\"><\/div>\n\t\t<\/div>\n\t\t\t\t\t\t<\/div>\n\t\t\t\t<\/div>\n\t\t\t\t\t<\/div>\n\t\t<\/div>\n\t\t\t\t\t<\/div>\n\t\t<\/section>\n\t\t\t\t<section class=\"elementor-section elementor-top-section elementor-element elementor-element-500e503 elementor-section-boxed elementor-section-height-default elementor-section-height-default\" data-id=\"500e503\" data-element_type=\"section\" data-e-type=\"section\">\n\t\t\t\t\t\t<div class=\"elementor-container elementor-column-gap-default\">\n\t\t\t\t\t<div class=\"elementor-column elementor-col-25 elementor-top-column elementor-element elementor-element-13f453f\" data-id=\"13f453f\" data-element_type=\"column\" data-e-type=\"column\">\n\t\t\t<div class=\"elementor-widget-wrap\">\n\t\t\t\t\t\t\t<\/div>\n\t\t<\/div>\n\t\t\t\t<div class=\"elementor-column elementor-col-50 elementor-top-column elementor-element elementor-element-20f9408\" data-id=\"20f9408\" data-element_type=\"column\" data-e-type=\"column\">\n\t\t\t<div class=\"elementor-widget-wrap elementor-element-populated\">\n\t\t\t\t\t\t<div class=\"elementor-element elementor-element-7da8350 elementor-widget elementor-widget-text-editor\" data-id=\"7da8350\" data-element_type=\"widget\" data-e-type=\"widget\" data-widget_type=\"text-editor.default\">\n\t\t\t\t<div class=\"elementor-widget-container\">\n\t\t\t\t\t\t\t\t\t<p>von links nach Rechts:<\/p><table style=\"border-collapse: collapse; width: 100%;\"><tbody><tr><td style=\"width: 25%;\"><p><strong><span style=\"font-size: 12pt;\">Bettina Lange<\/span><\/strong><\/p><ul style=\"list-style-type: circle;\"><li><span style=\"font-size: 12pt;\"><span style=\"color: var( --e-global-color-text ); font-family: var( --e-global-typography-text-font-family ), Sans-serif;\">Arzthelferin<\/span><\/span><\/li><li><span style=\"font-size: 12pt;\"><span style=\"color: var( --e-global-color-text ); font-family: var( --e-global-typography-text-font-family ), Sans-serif;\">Praxismanagerin<\/span><\/span><\/li><li><span style=\"font-size: 12pt;\"><span style=\"font-size: 12pt;\"><span style=\"color: var( --e-global-color-text ); font-family: var( --e-global-typography-text-font-family ), Sans-serif;\">R\u00f6ntgenassistentin<\/span><\/span><\/span><p>\u00a0<\/p><\/li><\/ul><\/td><td style=\"width: 25%; text-align: left;\"><p><strong><span style=\"font-size: 12pt;\">Michaela Fijak<\/span><\/strong><\/p><ul style=\"list-style-type: circle;\"><li><span style=\"font-size: 12pt;\"><span style=\"color: var( --e-global-color-text ); font-family: var( --e-global-typography-text-font-family ), Sans-serif; font-weight: var( --e-global-typography-text-font-weight );\">Arzthelferin<\/span><\/span><\/li><li><span style=\"font-size: 12pt;\"><span style=\"color: var( --e-global-color-text ); font-family: var( --e-global-typography-text-font-family ), Sans-serif; font-weight: var( --e-global-typography-text-font-weight );\">R\u00f6ntgenassistentin<\/span><\/span><\/li><li><span style=\"font-size: 12pt;\"><span style=\"color: var( --e-global-color-text ); font-family: var( --e-global-typography-text-font-family ), Sans-serif; font-weight: var( --e-global-typography-text-font-weight );\">Hygienebeauftragte<\/span><\/span><\/li><li><span style=\"font-size: 12pt;\"><span style=\"color: var( --e-global-color-text ); font-family: var( --e-global-typography-text-font-family ), Sans-serif; font-weight: var( --e-global-typography-text-font-weight );\">QM Beauftragte<\/span><\/span><\/li><\/ul><\/td><td style=\"width: 25%;\"><p><span style=\"font-size: 12pt;\"><span style=\"color: var( --e-global-color-text ); font-family: var( --e-global-typography-text-font-family ), Sans-serif; font-weight: var( --e-global-typography-text-font-weight );\"><strong>Dr. med. Anke Yacoub<\/strong><\/span><\/span><\/p><ul style=\"list-style-type: circle;\"><li><span style=\"font-size: 12pt;\"><span style=\"font-size: 12pt;\"><span style=\"color: var( --e-global-color-text ); font-family: var( --e-global-typography-text-font-family ), Sans-serif; font-weight: var( --e-global-typography-text-font-weight );\">Fach\u00e4rztin f\u00fcr Orthop\u00e4die und Naturheilkunde<\/span><\/span><\/span><p>\u00a0<\/p><\/li><\/ul><\/td><td style=\"width: 25%;\"><p><strong><span style=\"font-size: 12pt;\"><span style=\"color: var( --e-global-color-text ); font-family: var( --e-global-typography-text-font-family ), Sans-serif;\">Tina Wie\u00dfner<\/span><\/span><\/strong><\/p><ul style=\"list-style-type: circle;\"><li><span style=\"font-size: 12pt;\"><span style=\"color: var( --e-global-color-text ); font-family: var( --e-global-typography-text-font-family ), Sans-serif; font-weight: var( --e-global-typography-text-font-weight );\">Arzthelferin<\/span><\/span><\/li><li><span style=\"font-size: 12pt;\"><span style=\"font-size: 12pt;\"><span style=\"color: var( --e-global-color-text ); font-family: var( --e-global-typography-text-font-family ), Sans-serif; font-weight: var( --e-global-typography-text-font-weight );\">Kinderschutzfachkraft<\/span><\/span><\/span><p>\u00a0<\/p><\/li><\/ul><\/td><\/tr><\/tbody><\/table>\t\t\t\t\t\t\t\t<\/div>\n\t\t\t\t<\/div>\n\t\t\t\t\t<\/div>\n\t\t<\/div>\n\t\t\t\t<div class=\"elementor-column elementor-col-25 elementor-top-column elementor-element elementor-element-f2ce81a\" data-id=\"f2ce81a\" data-element_type=\"column\" data-e-type=\"column\">\n\t\t\t<div class=\"elementor-widget-wrap\">\n\t\t\t\t\t\t\t<\/div>\n\t\t<\/div>\n\t\t\t\t\t<\/div>\n\t\t<\/section>\n\t\t\t\t<\/div>\n\t\t","protected":false},"excerpt":{"rendered":"<p>Das Team von links nach Rechts: Bettina Lange Arzthelferin Praxismanagerin R\u00f6ntgenassistentin \u00a0 Michaela Fijak Arzthelferin R\u00f6ntgenassistentin Hygienebeauftragte QM Beauftragte Dr. med. Anke Yacoub Fach\u00e4rztin f\u00fcr Orthop\u00e4die und Naturheilkunde \u00a0 Tina Wie\u00dfner Arzthelferin Kinderschutzfachkraft \u00a0<\/p>\n","protected":false},"author":10,"featured_media":0,"parent":18,"menu_order":4,"comment_status":"closed","ping_status":"closed","template":"","meta":{"ngg_post_thumbnail":0,"footnotes":""},"class_list":["post-59","page","type-page","status-publish","hentry"],"_links":{"self":[{"href":"https:\/\/www.orthopaedie-dr-yacoub.de\/index.php?rest_route=\/wp\/v2\/pages\/59","targetHints":{"allow":["GET"]}}],"collection":[{"href":"https:\/\/www.orthopaedie-dr-yacoub.de\/index.php?rest_route=\/wp\/v2\/pages"}],"about":[{"href":"https:\/\/www.orthopaedie-dr-yacoub.de\/index.php?rest_route=\/wp\/v2\/types\/page"}],"author":[{"embeddable":true,"href":"https:\/\/www.orthopaedie-dr-yacoub.de\/index.php?rest_route=\/wp\/v2\/users\/10"}],"replies":[{"embeddable":true,"href":"https:\/\/www.orthopaedie-dr-yacoub.de\/index.php?rest_route=%2Fwp%2Fv2%2Fcomments&post=59"}],"version-history":[{"count":35,"href":"https:\/\/www.orthopaedie-dr-yacoub.de\/index.php?rest_route=\/wp\/v2\/pages\/59\/revisions"}],"predecessor-version":[{"id":1042,"href":"https:\/\/www.orthopaedie-dr-yacoub.de\/index.php?rest_route=\/wp\/v2\/pages\/59\/revisions\/1042"}],"up":[{"embeddable":true,"href":"https:\/\/www.orthopaedie-dr-yacoub.de\/index.php?rest_route=\/wp\/v2\/pages\/18"}],"wp:attachment":[{"href":"https:\/\/www.orthopaedie-dr-yacoub.de\/index.php?rest_route=%2Fwp%2Fv2%2Fmedia&parent=59"}],"curies":[{"name":"wp","href":"https:\/\/api.w.org\/{rel}","templated":true}]}}