{"id":67,"date":"2007-01-17T23:01:09","date_gmt":"2007-01-17T22:01:09","guid":{"rendered":"https:\/\/www.orthopaedie-dr-yacoub.de\/leistungen\/diagnostik\/"},"modified":"2022-09-05T13:47:11","modified_gmt":"2022-09-05T12:47:11","slug":"diagnostik","status":"publish","type":"page","link":"https:\/\/www.orthopaedie-dr-yacoub.de\/?page_id=67","title":{"rendered":"Diagnostik"},"content":{"rendered":"\t\t<div data-elementor-type=\"wp-page\" data-elementor-id=\"67\" class=\"elementor elementor-67\">\n\t\t\t\t\t\t<section class=\"elementor-section elementor-top-section elementor-element elementor-element-5c11f62 elementor-section-boxed elementor-section-height-default elementor-section-height-default\" data-id=\"5c11f62\" data-element_type=\"section\" data-e-type=\"section\">\n\t\t\t\t\t\t<div class=\"elementor-container elementor-column-gap-default\">\n\t\t\t\t\t<div class=\"elementor-column elementor-col-100 elementor-top-column elementor-element elementor-element-cb833aa\" data-id=\"cb833aa\" data-element_type=\"column\" data-e-type=\"column\">\n\t\t\t<div class=\"elementor-widget-wrap elementor-element-populated\">\n\t\t\t\t\t\t<div class=\"elementor-element elementor-element-691aa7a elementor-widget elementor-widget-spacer\" data-id=\"691aa7a\" data-element_type=\"widget\" data-e-type=\"widget\" data-widget_type=\"spacer.default\">\n\t\t\t\t<div class=\"elementor-widget-container\">\n\t\t\t\t\t\t\t<div class=\"elementor-spacer\">\n\t\t\t<div class=\"elementor-spacer-inner\"><\/div>\n\t\t<\/div>\n\t\t\t\t\t\t<\/div>\n\t\t\t\t<\/div>\n\t\t\t\t<div class=\"elementor-element elementor-element-21b03ae animated-slow elementor-invisible elementor-widget elementor-widget-heading\" data-id=\"21b03ae\" data-element_type=\"widget\" data-e-type=\"widget\" data-settings=\"{&quot;_animation&quot;:&quot;zoomIn&quot;}\" data-widget_type=\"heading.default\">\n\t\t\t\t<div class=\"elementor-widget-container\">\n\t\t\t\t\t<h1 class=\"elementor-heading-title elementor-size-default\">Diagnostik<\/h1>\t\t\t\t<\/div>\n\t\t\t\t<\/div>\n\t\t\t\t<div class=\"elementor-element elementor-element-16eafef elementor-widget elementor-widget-spacer\" data-id=\"16eafef\" data-element_type=\"widget\" data-e-type=\"widget\" data-widget_type=\"spacer.default\">\n\t\t\t\t<div class=\"elementor-widget-container\">\n\t\t\t\t\t\t\t<div class=\"elementor-spacer\">\n\t\t\t<div class=\"elementor-spacer-inner\"><\/div>\n\t\t<\/div>\n\t\t\t\t\t\t<\/div>\n\t\t\t\t<\/div>\n\t\t\t\t\t<\/div>\n\t\t<\/div>\n\t\t\t\t\t<\/div>\n\t\t<\/section>\n\t\t\t\t<section class=\"elementor-section elementor-top-section elementor-element elementor-element-308548e elementor-section-boxed elementor-section-height-default elementor-section-height-default\" data-id=\"308548e\" data-element_type=\"section\" data-e-type=\"section\">\n\t\t\t\t\t\t<div class=\"elementor-container elementor-column-gap-default\">\n\t\t\t\t\t<div class=\"elementor-column elementor-col-100 elementor-top-column elementor-element elementor-element-3bfcc7b\" data-id=\"3bfcc7b\" data-element_type=\"column\" data-e-type=\"column\">\n\t\t\t<div class=\"elementor-widget-wrap elementor-element-populated\">\n\t\t\t\t\t\t<div class=\"elementor-element elementor-element-ee0ae63 elementor-widget elementor-widget-text-editor\" data-id=\"ee0ae63\" data-element_type=\"widget\" data-e-type=\"widget\" data-widget_type=\"text-editor.default\">\n\t\t\t\t<div class=\"elementor-widget-container\">\n\t\t\t\t\t\t\t\t\t<p><strong><span style=\"font-size: 14pt;\">In unserer Praxis stehen folgende diagnostische M\u00f6glichkeiten zur Verf\u00fcgung:<\/span><\/strong><\/p>\t\t\t\t\t\t\t\t<\/div>\n\t\t\t\t<\/div>\n\t\t\t\t\t<\/div>\n\t\t<\/div>\n\t\t\t\t\t<\/div>\n\t\t<\/section>\n\t\t\t\t<section class=\"elementor-section elementor-top-section elementor-element elementor-element-6356f06 elementor-section-boxed elementor-section-height-default elementor-section-height-default\" data-id=\"6356f06\" data-element_type=\"section\" data-e-type=\"section\">\n\t\t\t\t\t\t<div class=\"elementor-container elementor-column-gap-default\">\n\t\t\t\t\t<div class=\"elementor-column elementor-col-100 elementor-top-column elementor-element elementor-element-f05e46b\" data-id=\"f05e46b\" data-element_type=\"column\" data-e-type=\"column\">\n\t\t\t<div class=\"elementor-widget-wrap elementor-element-populated\">\n\t\t\t\t\t\t<div class=\"elementor-element elementor-element-b7a1036 elementor-tabs-view-horizontal elementor-widget elementor-widget-tabs\" data-id=\"b7a1036\" data-element_type=\"widget\" data-e-type=\"widget\" data-widget_type=\"tabs.default\">\n\t\t\t\t<div class=\"elementor-widget-container\">\n\t\t\t\t\t\t\t<div class=\"elementor-tabs\">\n\t\t\t<div class=\"elementor-tabs-wrapper\" role=\"tablist\" >\n\t\t\t\t\t\t\t\t\t<div id=\"elementor-tab-title-1921\" class=\"elementor-tab-title elementor-tab-desktop-title\" aria-selected=\"true\" data-tab=\"1\" role=\"tab\" tabindex=\"0\" aria-controls=\"elementor-tab-content-1921\" aria-expanded=\"false\">R\u00f6ntgen<\/div>\n\t\t\t\t\t\t\t\t\t<div id=\"elementor-tab-title-1922\" class=\"elementor-tab-title elementor-tab-desktop-title\" aria-selected=\"false\" data-tab=\"2\" role=\"tab\" tabindex=\"-1\" aria-controls=\"elementor-tab-content-1922\" aria-expanded=\"false\">Sonografie<\/div>\n\t\t\t\t\t\t\t\t\t<div id=\"elementor-tab-title-1923\" class=\"elementor-tab-title elementor-tab-desktop-title\" aria-selected=\"false\" data-tab=\"3\" role=\"tab\" tabindex=\"-1\" aria-controls=\"elementor-tab-content-1923\" aria-expanded=\"false\">Knochendichtemessung<\/div>\n\t\t\t\t\t\t\t<\/div>\n\t\t\t<div class=\"elementor-tabs-content-wrapper\" role=\"tablist\" aria-orientation=\"vertical\">\n\t\t\t\t\t\t\t\t\t<div class=\"elementor-tab-title elementor-tab-mobile-title\" aria-selected=\"true\" data-tab=\"1\" role=\"tab\" tabindex=\"0\" aria-controls=\"elementor-tab-content-1921\" aria-expanded=\"false\">R\u00f6ntgen<\/div>\n\t\t\t\t\t<div id=\"elementor-tab-content-1921\" class=\"elementor-tab-content elementor-clearfix\" data-tab=\"1\" role=\"tabpanel\" aria-labelledby=\"elementor-tab-title-1921\" tabindex=\"0\" hidden=\"false\"><p><a href=\"https:\/\/www.orthopaedie-dr-yacoub.de\/wp-content\/uploads\/2022\/08\/021.jpg\"><img fetchpriority=\"high\" decoding=\"async\" class=\"alignright wp-image-1015\" src=\"https:\/\/www.orthopaedie-dr-yacoub.de\/wp-content\/uploads\/2022\/08\/021-300x225.jpg\" alt=\"\" width=\"267\" height=\"200\" srcset=\"https:\/\/www.orthopaedie-dr-yacoub.de\/wp-content\/uploads\/2022\/08\/021-300x225.jpg 300w, https:\/\/www.orthopaedie-dr-yacoub.de\/wp-content\/uploads\/2022\/08\/021.jpg 380w\" sizes=\"(max-width: 267px) 100vw, 267px\" \/><\/a><a href=\"https:\/\/www.orthopaedie-dr-yacoub.de\/wp-content\/uploads\/2022\/08\/022.jpg\"><img decoding=\"async\" class=\"alignright wp-image-1016\" src=\"https:\/\/www.orthopaedie-dr-yacoub.de\/wp-content\/uploads\/2022\/08\/022-300x225.jpg\" alt=\"\" width=\"267\" height=\"200\" srcset=\"https:\/\/www.orthopaedie-dr-yacoub.de\/wp-content\/uploads\/2022\/08\/022-300x225.jpg 300w, https:\/\/www.orthopaedie-dr-yacoub.de\/wp-content\/uploads\/2022\/08\/022.jpg 380w\" sizes=\"(max-width: 267px) 100vw, 267px\" \/><\/a>Unsere Praxis ist mit einer modernen leistungsf\u00e4higen R\u00f6ntgenanlage ausgestattet.<\/p><p><span style=\"color: var( --e-global-color-text ); font-family: var( --e-global-typography-text-font-family ), Sans-serif; font-weight: var( --e-global-typography-text-font-weight );\">Somit ist es m\u00f6glich, alle R\u00f6ntgenaufnahmen des St\u00fctz- und Bewegungsapparates einschlie\u00dflich Funktionsaufnahmen in unserer Praxis meist unmittelbar in Zusammenhang mit Ihrer Konsultation oder geplant anzufertigen.<\/span><\/p><p><span style=\"color: var( --e-global-color-text ); font-family: var( --e-global-typography-text-font-family ), Sans-serif; font-weight: var( --e-global-typography-text-font-weight );\">Patienten, die einen Unfall erlitten haben, k\u00f6nnen sofort diagnostiziert werden.<\/span><\/p><\/div>\n\t\t\t\t\t\t\t\t\t<div class=\"elementor-tab-title elementor-tab-mobile-title\" aria-selected=\"false\" data-tab=\"2\" role=\"tab\" tabindex=\"-1\" aria-controls=\"elementor-tab-content-1922\" aria-expanded=\"false\">Sonografie<\/div>\n\t\t\t\t\t<div id=\"elementor-tab-content-1922\" class=\"elementor-tab-content elementor-clearfix\" data-tab=\"2\" role=\"tabpanel\" aria-labelledby=\"elementor-tab-title-1922\" tabindex=\"0\" hidden=\"hidden\"><p>Unsere Praxis verf\u00fcgt \u00fcber ein modernes und leistungsf\u00e4higes Sonografieger\u00e4t, dass direkt mit unserem Computer verbunden ist.<\/p><p>Wir diagnostizieren so Erkrankungen des St\u00fctz- und Bewegungsapparates beim Erwachsenen, Kind und S\u00e4ugling.<\/p><p><strong><a href=\"https:\/\/www.orthopaedie-dr-yacoub.de\/wp-content\/uploads\/2022\/08\/010.jpg\"><img decoding=\"async\" class=\"size-medium wp-image-1004 alignright\" src=\"https:\/\/www.orthopaedie-dr-yacoub.de\/wp-content\/uploads\/2022\/08\/010-300x225.jpg\" alt=\"\" width=\"300\" height=\"225\" srcset=\"https:\/\/www.orthopaedie-dr-yacoub.de\/wp-content\/uploads\/2022\/08\/010-300x225.jpg 300w, https:\/\/www.orthopaedie-dr-yacoub.de\/wp-content\/uploads\/2022\/08\/010.jpg 380w\" sizes=\"(max-width: 300px) 100vw, 300px\" \/><\/a> <a href=\"https:\/\/www.orthopaedie-dr-yacoub.de\/wp-content\/uploads\/2022\/08\/009.jpg\"><img loading=\"lazy\" decoding=\"async\" class=\"size-medium wp-image-1003 alignright\" src=\"https:\/\/www.orthopaedie-dr-yacoub.de\/wp-content\/uploads\/2022\/08\/009-300x225.jpg\" alt=\"\" width=\"300\" height=\"225\" srcset=\"https:\/\/www.orthopaedie-dr-yacoub.de\/wp-content\/uploads\/2022\/08\/009-300x225.jpg 300w, https:\/\/www.orthopaedie-dr-yacoub.de\/wp-content\/uploads\/2022\/08\/009.jpg 380w\" sizes=\"(max-width: 300px) 100vw, 300px\" \/><\/a>Im Vordergrund stehen:<\/strong><\/p><ul style=\"list-style-type: circle;\"><li>Schulterdiagnostik<\/li><li>Achillessehnenerkrankungen<\/li><li>Muskelfaserrisse\/Sehnenrisse\/Bandrupturen<\/li><li>Ergu\u00dfdiagnostik der Gelenke<\/li><li>Ganglion<\/li><li>Unklare Weichteilschwellunge<\/li><\/ul><p><strong>S\u00e4uglingsh\u00fcftsonografie:<\/strong><\/p><p>Nach einer von Professor Graf 1992 entwickelten Methode k\u00f6nnen wir beim S\u00e4ugling zwischen der 4. und 7. Lebenswoche mittels Sonografie Fehlentwicklungen im Bereich der H\u00fcftgelenke fr\u00fchzeitig feststellen.<\/p><p>F\u00fcr die S\u00e4uglinge ist dies eine risikoarme, schmerzfreie und schnelle Methode, um Fehlstellungen der H\u00fcftgelenke: die sogenannte H\u00fcftdysplasie bzw. H\u00fcftluxation fr\u00fchzeitig zu erkennen und zu behandeln.<\/p><\/div>\n\t\t\t\t\t\t\t\t\t<div class=\"elementor-tab-title elementor-tab-mobile-title\" aria-selected=\"false\" data-tab=\"3\" role=\"tab\" tabindex=\"-1\" aria-controls=\"elementor-tab-content-1923\" aria-expanded=\"false\">Knochendichtemessung<\/div>\n\t\t\t\t\t<div id=\"elementor-tab-content-1923\" class=\"elementor-tab-content elementor-clearfix\" data-tab=\"3\" role=\"tabpanel\" aria-labelledby=\"elementor-tab-title-1923\" tabindex=\"0\" hidden=\"hidden\"><p><a href=\"https:\/\/www.orthopaedie-dr-yacoub.de\/wp-content\/uploads\/2022\/08\/PICT0001.jpg\"><img loading=\"lazy\" decoding=\"async\" class=\"alignright wp-image-1024\" src=\"https:\/\/www.orthopaedie-dr-yacoub.de\/wp-content\/uploads\/2022\/08\/PICT0001-300x225.jpg\" alt=\"\" width=\"267\" height=\"200\" srcset=\"https:\/\/www.orthopaedie-dr-yacoub.de\/wp-content\/uploads\/2022\/08\/PICT0001-300x225.jpg 300w, https:\/\/www.orthopaedie-dr-yacoub.de\/wp-content\/uploads\/2022\/08\/PICT0001.jpg 380w\" sizes=\"(max-width: 267px) 100vw, 267px\" \/><\/a>Seit Dezember 2006 ist unsere Praxis mit einem neuen leistungsf\u00e4higen <b>DEXA-Knochendichtemessger\u00e4t Challenger <\/b>ausgestattet.\u00a0<span style=\"color: var( --e-global-color-text ); font-family: var( --e-global-typography-text-font-family ), Sans-serif; font-weight: var( --e-global-typography-text-font-weight );\">Die Messung erfolgt durch die Dual \u2013 X-ray-absorbtiometrie DEXA-Technologie an Wirbels\u00e4ule, Oberschenkelknochen und Handgelenk.<\/span><\/p><p><span style=\"color: var( --e-global-color-text ); font-family: var( --e-global-typography-text-font-family ), Sans-serif; font-weight: var( --e-global-typography-text-font-weight );\">So k\u00f6nnen wir in kurzer Zeit eine <\/span><span style=\"color: var( --e-global-color-text ); font-family: var( --e-global-typography-text-font-family ), Sans-serif;\"><b>gr\u00fcndliche und genaue Aussage zu ihrer Knochendichte<\/b><\/span><span style=\"color: var( --e-global-color-text ); font-family: var( --e-global-typography-text-font-family ), Sans-serif; font-weight: var( --e-global-typography-text-font-weight );\"> treffen.\u00a0<\/span><span style=\"color: var( --e-global-color-text ); font-family: var( --e-global-typography-text-font-family ), Sans-serif; font-weight: var( --e-global-typography-text-font-weight );\">Daneben erg\u00e4nzen wir die Diagnose durch gezielte Bestimmung ausgew\u00e4hlter <\/span><span style=\"color: var( --e-global-color-text ); font-family: var( --e-global-typography-text-font-family ), Sans-serif;\"><b>Laborparameter des Knochenstoffwechsels<\/b><\/span><span style=\"color: var( --e-global-color-text ); font-family: var( --e-global-typography-text-font-family ), Sans-serif; font-weight: var( --e-global-typography-text-font-weight );\"> und ggf. R\u00f6ntgenaufnahmen.\u00a0<\/span><\/p><p><span style=\"color: var( --e-global-color-text ); font-family: var( --e-global-typography-text-font-family ), Sans-serif;\"><b>Osteoporose ist eine Krankheit des Knochens<\/b><\/span><span style=\"color: var( --e-global-color-text ); font-family: var( --e-global-typography-text-font-family ), Sans-serif; font-weight: var( --e-global-typography-text-font-weight );\">, bei der es durch verschiedene Ursachen zu einer Verminderung der Knochendichte kommt. Damit steigt das Risiko, Frakturen des Oberschenkelhalses, der Wirbelk\u00f6rper und des Handgelenkes auch bei geringen Unf\u00e4llen zu erleiden.\u00a0<\/span><span style=\"color: var( --e-global-color-text ); font-family: var( --e-global-typography-text-font-family ), Sans-serif; font-weight: var( --e-global-typography-text-font-weight );\">Das Risiko an Osteoporose zu erkranken, steigt durch die st\u00e4ndig steigende Lebenserwartung und betrifft \u00fcberwiegend Frauen.<\/span><\/p><p><span style=\"color: var( --e-global-color-text ); font-family: var( --e-global-typography-text-font-family ), Sans-serif; font-weight: var( --e-global-typography-text-font-weight );\">Durch gezielte prophylaktische und therapeutische Ma\u00dfnahmen kann man effektiv etwas gegen Osteoporose tun.<\/span><\/p><\/div>\n\t\t\t\t\t\t\t<\/div>\n\t\t<\/div>\n\t\t\t\t\t\t<\/div>\n\t\t\t\t<\/div>\n\t\t\t\t\t<\/div>\n\t\t<\/div>\n\t\t\t\t\t<\/div>\n\t\t<\/section>\n\t\t\t\t<section class=\"elementor-section elementor-top-section elementor-element elementor-element-34e5bf6 elementor-section-boxed elementor-section-height-default elementor-section-height-default\" data-id=\"34e5bf6\" data-element_type=\"section\" data-e-type=\"section\">\n\t\t\t\t\t\t<div class=\"elementor-container elementor-column-gap-default\">\n\t\t\t\t\t<div class=\"elementor-column elementor-col-100 elementor-top-column elementor-element elementor-element-f0e73d9\" data-id=\"f0e73d9\" data-element_type=\"column\" data-e-type=\"column\">\n\t\t\t<div class=\"elementor-widget-wrap elementor-element-populated\">\n\t\t\t\t\t\t<div class=\"elementor-element elementor-element-96b72c1 elementor-widget elementor-widget-spacer\" data-id=\"96b72c1\" data-element_type=\"widget\" data-e-type=\"widget\" data-widget_type=\"spacer.default\">\n\t\t\t\t<div class=\"elementor-widget-container\">\n\t\t\t\t\t\t\t<div class=\"elementor-spacer\">\n\t\t\t<div class=\"elementor-spacer-inner\"><\/div>\n\t\t<\/div>\n\t\t\t\t\t\t<\/div>\n\t\t\t\t<\/div>\n\t\t\t\t\t<\/div>\n\t\t<\/div>\n\t\t\t\t\t<\/div>\n\t\t<\/section>\n\t\t\t\t<\/div>\n\t\t","protected":false},"excerpt":{"rendered":"<p>Diagnostik In unserer Praxis stehen folgende diagnostische M\u00f6glichkeiten zur Verf\u00fcgung: R\u00f6ntgen Sonografie Knochendichtemessung R\u00f6ntgen Unsere Praxis ist mit einer modernen leistungsf\u00e4higen R\u00f6ntgenanlage ausgestattet. Somit ist es m\u00f6glich, alle R\u00f6ntgenaufnahmen des St\u00fctz- und Bewegungsapparates einschlie\u00dflich Funktionsaufnahmen in unserer Praxis meist unmittelbar in Zusammenhang mit Ihrer Konsultation oder geplant anzufertigen. Patienten, die einen Unfall erlitten haben, k\u00f6nnen &hellip; <a href=\"https:\/\/www.orthopaedie-dr-yacoub.de\/?page_id=67\" class=\"more-link\"><span class=\"screen-reader-text\">Diagnostik<\/span> weiterlesen <span class=\"meta-nav\">&rarr;<\/span><\/a><\/p>\n","protected":false},"author":10,"featured_media":0,"parent":17,"menu_order":0,"comment_status":"closed","ping_status":"closed","template":"elementor_header_footer","meta":{"ngg_post_thumbnail":0,"footnotes":""},"class_list":["post-67","page","type-page","status-publish","hentry"],"_links":{"self":[{"href":"https:\/\/www.orthopaedie-dr-yacoub.de\/index.php?rest_route=\/wp\/v2\/pages\/67","targetHints":{"allow":["GET"]}}],"collection":[{"href":"https:\/\/www.orthopaedie-dr-yacoub.de\/index.php?rest_route=\/wp\/v2\/pages"}],"about":[{"href":"https:\/\/www.orthopaedie-dr-yacoub.de\/index.php?rest_route=\/wp\/v2\/types\/page"}],"author":[{"embeddable":true,"href":"https:\/\/www.orthopaedie-dr-yacoub.de\/index.php?rest_route=\/wp\/v2\/users\/10"}],"replies":[{"embeddable":true,"href":"https:\/\/www.orthopaedie-dr-yacoub.de\/index.php?rest_route=%2Fwp%2Fv2%2Fcomments&post=67"}],"version-history":[{"count":21,"href":"https:\/\/www.orthopaedie-dr-yacoub.de\/index.php?rest_route=\/wp\/v2\/pages\/67\/revisions"}],"predecessor-version":[{"id":1305,"href":"https:\/\/www.orthopaedie-dr-yacoub.de\/index.php?rest_route=\/wp\/v2\/pages\/67\/revisions\/1305"}],"up":[{"embeddable":true,"href":"https:\/\/www.orthopaedie-dr-yacoub.de\/index.php?rest_route=\/wp\/v2\/pages\/17"}],"wp:attachment":[{"href":"https:\/\/www.orthopaedie-dr-yacoub.de\/index.php?rest_route=%2Fwp%2Fv2%2Fmedia&parent=67"}],"curies":[{"name":"wp","href":"https:\/\/api.w.org\/{rel}","templated":true}]}}